{"id":8019,"date":"2022-07-11T14:35:09","date_gmt":"2022-07-11T12:35:09","guid":{"rendered":"https:\/\/www.conex.net\/fr\/?page_id=8019"},"modified":"2022-07-11T14:38:55","modified_gmt":"2022-07-11T12:38:55","slug":"definition-rtc","status":"publish","type":"page","link":"https:\/\/www.conex.net\/fr\/definition-rtc\/","title":{"rendered":"D\u00e9finition RTC"},"content":{"rendered":"<div id=\"pl-8019\"  class=\"panel-layout\" ><div id=\"pg-8019-0\"  class=\"panel-grid panel-no-style\" ><div id=\"pgc-8019-0-0\"  class=\"panel-grid-cell\" ><div id=\"panel-8019-0-0-0\" class=\"so-panel widget widget_sow-editor panel-first-child panel-last-child\" data-index=\"0\" ><div\n\t\t\t\n\t\t\tclass=\"so-widget-sow-editor so-widget-sow-editor-base\"\n\t\t\t\n\t\t>\n<div class=\"siteorigin-widget-tinymce textwidget\">\n\t<h1><span style=\"color: #c70000;\"><strong>RTC - RENSEIGNEMENTS TARIFAIRE CONTRAIGNANT\u00a0<\/strong><\/span><\/h1>\n<h4>En cas de doute sur le classement tarifaire des marchandises \u00e0 partir des informations du tarif douanier, vous avez la possibilit\u00e9 de recourir \u00e0 la proc\u00e9dure du RTC (Renseignement Tarifaire Contraignant)<\/h4>\n<h4>- D\u00e9p\u00f4t d\u2019un RTC \u00a0\u00e0 l\u2019administration douani\u00e8re<\/h4>\n<h4>- S\u00e9curit\u00e9 juridique : lie l\u2019administration et le titulaire du RTC.<\/h4>\n<h4>- Engagement de la douane : d\u00e9livrance en 70 jours (+ 2 jours ouvr\u00e9s pour la recevabilit\u00e9 de la demande dans le cadre de la certification AFNOR \u00ab qualit\u00e9 de service \u00bb du groupe RTC.<\/h4>\n<h4>- Dur\u00e9e de validit\u00e9 : 3 ans.<\/h4>\n<hr \/>\n<h4 style=\"text-align: center;\"><span style=\"color: #333333;\"><strong>Avec L\u2019ENCYCLOPEDIE DOUANIERE via conex\u2122 et la puissance de l\u2019aide intelligente dans la base du tarif douanier et des RTC Europ\u00e9ens et Britanniques, vous aurez acc\u00e8s, \u00a0en quelques secondes, \u00e0 un panel de r\u00e9sultats cibl\u00e9s et pertinents<\/strong><\/span><\/h4>\n<p><a href=\"https:\/\/www.conex.net\/fr\/classement-tarifaire-encyclopedie-douaniere\/\"><img loading=\"lazy\" decoding=\"async\" class=\"aligncenter size-full wp-image-3285\" src=\"https:\/\/www.conex.net\/fr\/wp-content\/uploads\/sites\/2\/2020\/01\/Encyclopedie-douaniereviaconex200.jpg\" alt=\"Encyclopedie-douaniere via conex\" width=\"233\" height=\"200\" \/><\/a><\/p>\n<\/div>\n<\/div><\/div><\/div><\/div><\/div>","protected":false},"excerpt":{"rendered":"<p>RTC &#8211; RENSEIGNEMENTS TARIFAIRE CONTRAIGNANT\u00a0 En cas de doute sur le classement tarifaire des marchandises \u00e0 partir des informations du tarif douanier, vous avez la possibilit\u00e9 de recourir \u00e0 la proc\u00e9dure du RTC (Renseignement Tarifaire Contraignant) &#8211; D\u00e9p\u00f4t d\u2019un RTC \u00a0\u00e0 l\u2019administration douani\u00e8re &#8211; S\u00e9curit\u00e9 juridique : lie l\u2019administration et le titulaire du RTC. &#8211; Engagement de la douane : d\u00e9livrance en 70 jours (+ 2 jours ouvr\u00e9s pour la recevabilit\u00e9 de la demande dans [&hellip;]<\/p>\n","protected":false},"author":1,"featured_media":0,"parent":0,"menu_order":0,"comment_status":"closed","ping_status":"closed","template":"","meta":{"footnotes":""},"class_list":["post-8019","page","type-page","status-publish","hentry"],"yoast_head":"<!-- This site is optimized with the Yoast SEO plugin v27.4 - https:\/\/yoast.com\/product\/yoast-seo-wordpress\/ -->\n<title>D\u00e9finition RTC - Conex France<\/title>\n<meta name=\"description\" content=\"RTC, RENSEIGNEMENTS TARIFAIRE CONTRAIGNANT.\" \/>\n<meta name=\"robots\" content=\"index, follow, max-snippet:-1, max-image-preview:large, max-video-preview:-1\" \/>\n<link rel=\"canonical\" href=\"https:\/\/www.conex.net\/fr\/definition-rtc\/\" \/>\n<meta property=\"og:locale\" content=\"fr_FR\" \/>\n<meta property=\"og:type\" content=\"article\" \/>\n<meta property=\"og:title\" content=\"D\u00e9finition RTC - Conex France\" \/>\n<meta property=\"og:description\" content=\"RTC, RENSEIGNEMENTS TARIFAIRE CONTRAIGNANT.\" \/>\n<meta property=\"og:url\" content=\"https:\/\/www.conex.net\/fr\/definition-rtc\/\" \/>\n<meta property=\"og:site_name\" content=\"Conex France\" \/>\n<meta property=\"article:modified_time\" content=\"2022-07-11T12:38:55+00:00\" \/>\n<meta property=\"og:image\" content=\"https:\/\/www.conex.net\/fr\/wp-content\/uploads\/sites\/2\/2020\/01\/Encyclopedie-douaniereviaconex200.jpg\" \/>\n<meta name=\"twitter:card\" content=\"summary_large_image\" \/>\n<meta name=\"twitter:label1\" content=\"Dur\u00e9e de lecture estim\u00e9e\" \/>\n\t<meta name=\"twitter:data1\" content=\"1 minute\" \/>\n<script type=\"application\/ld+json\" class=\"yoast-schema-graph\">{\"@context\":\"https:\\\/\\\/schema.org\",\"@graph\":[{\"@type\":\"WebPage\",\"@id\":\"https:\\\/\\\/www.conex.net\\\/fr\\\/definition-rtc\\\/\",\"url\":\"https:\\\/\\\/www.conex.net\\\/fr\\\/definition-rtc\\\/\",\"name\":\"D\u00e9finition RTC - Conex France\",\"isPartOf\":{\"@id\":\"https:\\\/\\\/www.conex.net\\\/fr\\\/#website\"},\"primaryImageOfPage\":{\"@id\":\"https:\\\/\\\/www.conex.net\\\/fr\\\/definition-rtc\\\/#primaryimage\"},\"image\":{\"@id\":\"https:\\\/\\\/www.conex.net\\\/fr\\\/definition-rtc\\\/#primaryimage\"},\"thumbnailUrl\":\"https:\\\/\\\/www.conex.net\\\/fr\\\/wp-content\\\/uploads\\\/sites\\\/2\\\/2020\\\/01\\\/Encyclopedie-douaniereviaconex200.jpg\",\"datePublished\":\"2022-07-11T12:35:09+00:00\",\"dateModified\":\"2022-07-11T12:38:55+00:00\",\"description\":\"RTC, RENSEIGNEMENTS TARIFAIRE CONTRAIGNANT.\",\"breadcrumb\":{\"@id\":\"https:\\\/\\\/www.conex.net\\\/fr\\\/definition-rtc\\\/#breadcrumb\"},\"inLanguage\":\"fr-FR\",\"potentialAction\":[{\"@type\":\"ReadAction\",\"target\":[\"https:\\\/\\\/www.conex.net\\\/fr\\\/definition-rtc\\\/\"]}]},{\"@type\":\"ImageObject\",\"inLanguage\":\"fr-FR\",\"@id\":\"https:\\\/\\\/www.conex.net\\\/fr\\\/definition-rtc\\\/#primaryimage\",\"url\":\"https:\\\/\\\/www.conex.net\\\/fr\\\/wp-content\\\/uploads\\\/sites\\\/2\\\/2020\\\/01\\\/Encyclopedie-douaniereviaconex200.jpg\",\"contentUrl\":\"https:\\\/\\\/www.conex.net\\\/fr\\\/wp-content\\\/uploads\\\/sites\\\/2\\\/2020\\\/01\\\/Encyclopedie-douaniereviaconex200.jpg\",\"width\":233,\"height\":200,\"caption\":\"Encyclopedie-douaniere via conex\"},{\"@type\":\"BreadcrumbList\",\"@id\":\"https:\\\/\\\/www.conex.net\\\/fr\\\/definition-rtc\\\/#breadcrumb\",\"itemListElement\":[{\"@type\":\"ListItem\",\"position\":1,\"name\":\"Accueil\",\"item\":\"https:\\\/\\\/www.conex.net\\\/fr\\\/\"},{\"@type\":\"ListItem\",\"position\":2,\"name\":\"D\u00e9finition RTC\"}]},{\"@type\":\"WebSite\",\"@id\":\"https:\\\/\\\/www.conex.net\\\/fr\\\/#website\",\"url\":\"https:\\\/\\\/www.conex.net\\\/fr\\\/\",\"name\":\"Conex France\",\"description\":\"Your customs partner - CONEX FRANCE\",\"publisher\":{\"@id\":\"https:\\\/\\\/www.conex.net\\\/fr\\\/#organization\"},\"potentialAction\":[{\"@type\":\"SearchAction\",\"target\":{\"@type\":\"EntryPoint\",\"urlTemplate\":\"https:\\\/\\\/www.conex.net\\\/fr\\\/?s={search_term_string}\"},\"query-input\":{\"@type\":\"PropertyValueSpecification\",\"valueRequired\":true,\"valueName\":\"search_term_string\"}}],\"inLanguage\":\"fr-FR\"},{\"@type\":\"Organization\",\"@id\":\"https:\\\/\\\/www.conex.net\\\/fr\\\/#organization\",\"name\":\"CONEX SAS\",\"url\":\"https:\\\/\\\/www.conex.net\\\/fr\\\/\",\"logo\":{\"@type\":\"ImageObject\",\"inLanguage\":\"fr-FR\",\"@id\":\"https:\\\/\\\/www.conex.net\\\/fr\\\/#\\\/schema\\\/logo\\\/image\\\/\",\"url\":\"https:\\\/\\\/www.conex.net\\\/fr\\\/wp-content\\\/uploads\\\/sites\\\/2\\\/2018\\\/10\\\/logo-conex.png\",\"contentUrl\":\"https:\\\/\\\/www.conex.net\\\/fr\\\/wp-content\\\/uploads\\\/sites\\\/2\\\/2018\\\/10\\\/logo-conex.png\",\"width\":138,\"height\":49,\"caption\":\"CONEX SAS\"},\"image\":{\"@id\":\"https:\\\/\\\/www.conex.net\\\/fr\\\/#\\\/schema\\\/logo\\\/image\\\/\"}}]}<\/script>\n<!-- \/ Yoast SEO plugin. -->","yoast_head_json":{"title":"D\u00e9finition RTC - Conex France","description":"RTC, RENSEIGNEMENTS TARIFAIRE CONTRAIGNANT.","robots":{"index":"index","follow":"follow","max-snippet":"max-snippet:-1","max-image-preview":"max-image-preview:large","max-video-preview":"max-video-preview:-1"},"canonical":"https:\/\/www.conex.net\/fr\/definition-rtc\/","og_locale":"fr_FR","og_type":"article","og_title":"D\u00e9finition RTC - Conex France","og_description":"RTC, RENSEIGNEMENTS TARIFAIRE CONTRAIGNANT.","og_url":"https:\/\/www.conex.net\/fr\/definition-rtc\/","og_site_name":"Conex France","article_modified_time":"2022-07-11T12:38:55+00:00","og_image":[{"url":"https:\/\/www.conex.net\/fr\/wp-content\/uploads\/sites\/2\/2020\/01\/Encyclopedie-douaniereviaconex200.jpg","type":"","width":"","height":""}],"twitter_card":"summary_large_image","twitter_misc":{"Dur\u00e9e de lecture estim\u00e9e":"1 minute"},"schema":{"@context":"https:\/\/schema.org","@graph":[{"@type":"WebPage","@id":"https:\/\/www.conex.net\/fr\/definition-rtc\/","url":"https:\/\/www.conex.net\/fr\/definition-rtc\/","name":"D\u00e9finition RTC - Conex France","isPartOf":{"@id":"https:\/\/www.conex.net\/fr\/#website"},"primaryImageOfPage":{"@id":"https:\/\/www.conex.net\/fr\/definition-rtc\/#primaryimage"},"image":{"@id":"https:\/\/www.conex.net\/fr\/definition-rtc\/#primaryimage"},"thumbnailUrl":"https:\/\/www.conex.net\/fr\/wp-content\/uploads\/sites\/2\/2020\/01\/Encyclopedie-douaniereviaconex200.jpg","datePublished":"2022-07-11T12:35:09+00:00","dateModified":"2022-07-11T12:38:55+00:00","description":"RTC, RENSEIGNEMENTS TARIFAIRE CONTRAIGNANT.","breadcrumb":{"@id":"https:\/\/www.conex.net\/fr\/definition-rtc\/#breadcrumb"},"inLanguage":"fr-FR","potentialAction":[{"@type":"ReadAction","target":["https:\/\/www.conex.net\/fr\/definition-rtc\/"]}]},{"@type":"ImageObject","inLanguage":"fr-FR","@id":"https:\/\/www.conex.net\/fr\/definition-rtc\/#primaryimage","url":"https:\/\/www.conex.net\/fr\/wp-content\/uploads\/sites\/2\/2020\/01\/Encyclopedie-douaniereviaconex200.jpg","contentUrl":"https:\/\/www.conex.net\/fr\/wp-content\/uploads\/sites\/2\/2020\/01\/Encyclopedie-douaniereviaconex200.jpg","width":233,"height":200,"caption":"Encyclopedie-douaniere via conex"},{"@type":"BreadcrumbList","@id":"https:\/\/www.conex.net\/fr\/definition-rtc\/#breadcrumb","itemListElement":[{"@type":"ListItem","position":1,"name":"Accueil","item":"https:\/\/www.conex.net\/fr\/"},{"@type":"ListItem","position":2,"name":"D\u00e9finition RTC"}]},{"@type":"WebSite","@id":"https:\/\/www.conex.net\/fr\/#website","url":"https:\/\/www.conex.net\/fr\/","name":"Conex France","description":"Your customs partner - CONEX FRANCE","publisher":{"@id":"https:\/\/www.conex.net\/fr\/#organization"},"potentialAction":[{"@type":"SearchAction","target":{"@type":"EntryPoint","urlTemplate":"https:\/\/www.conex.net\/fr\/?s={search_term_string}"},"query-input":{"@type":"PropertyValueSpecification","valueRequired":true,"valueName":"search_term_string"}}],"inLanguage":"fr-FR"},{"@type":"Organization","@id":"https:\/\/www.conex.net\/fr\/#organization","name":"CONEX SAS","url":"https:\/\/www.conex.net\/fr\/","logo":{"@type":"ImageObject","inLanguage":"fr-FR","@id":"https:\/\/www.conex.net\/fr\/#\/schema\/logo\/image\/","url":"https:\/\/www.conex.net\/fr\/wp-content\/uploads\/sites\/2\/2018\/10\/logo-conex.png","contentUrl":"https:\/\/www.conex.net\/fr\/wp-content\/uploads\/sites\/2\/2018\/10\/logo-conex.png","width":138,"height":49,"caption":"CONEX SAS"},"image":{"@id":"https:\/\/www.conex.net\/fr\/#\/schema\/logo\/image\/"}}]}},"_links":{"self":[{"href":"https:\/\/www.conex.net\/fr\/wp-json\/wp\/v2\/pages\/8019","targetHints":{"allow":["GET"]}}],"collection":[{"href":"https:\/\/www.conex.net\/fr\/wp-json\/wp\/v2\/pages"}],"about":[{"href":"https:\/\/www.conex.net\/fr\/wp-json\/wp\/v2\/types\/page"}],"author":[{"embeddable":true,"href":"https:\/\/www.conex.net\/fr\/wp-json\/wp\/v2\/users\/1"}],"replies":[{"embeddable":true,"href":"https:\/\/www.conex.net\/fr\/wp-json\/wp\/v2\/comments?post=8019"}],"version-history":[{"count":4,"href":"https:\/\/www.conex.net\/fr\/wp-json\/wp\/v2\/pages\/8019\/revisions"}],"predecessor-version":[{"id":8025,"href":"https:\/\/www.conex.net\/fr\/wp-json\/wp\/v2\/pages\/8019\/revisions\/8025"}],"wp:attachment":[{"href":"https:\/\/www.conex.net\/fr\/wp-json\/wp\/v2\/media?parent=8019"}],"curies":[{"name":"wp","href":"https:\/\/api.w.org\/{rel}","templated":true}]}}