{"id":8149,"date":"2022-09-29T17:31:55","date_gmt":"2022-09-29T15:31:55","guid":{"rendered":"https:\/\/www.conex.net\/fr\/?page_id=8149"},"modified":"2022-09-30T14:57:37","modified_gmt":"2022-09-30T12:57:37","slug":"abonnement-encyclopedie-douaniere-via-conex","status":"publish","type":"page","link":"https:\/\/www.conex.net\/fr\/abonnement-encyclopedie-douaniere-via-conex\/","title":{"rendered":"Abonnement Encyclop\u00e9die Douani\u00e8re via conex\u2122"},"content":{"rendered":"<div id=\"pl-8149\"  class=\"panel-layout\" ><div id=\"pg-8149-0\"  class=\"panel-grid panel-no-style\" ><div id=\"pgc-8149-0-0\"  class=\"panel-grid-cell panel-grid-cell-mobile-last\" ><div id=\"panel-8149-0-0-0\" class=\"so-panel widget widget_sow-editor panel-first-child panel-last-child\" data-index=\"0\" ><div\n\t\t\t\n\t\t\tclass=\"so-widget-sow-editor so-widget-sow-editor-base\"\n\t\t\t\n\t\t>\n<div class=\"siteorigin-widget-tinymce textwidget\">\n\t<div class=\"everest-forms\"><div class=\"evf-container default\" id=\"evf-8147\"><form id=\"evf-form-8147\" class=\"everest-form\" data-formid=\"8147\" data-ajax_submission=\"0\" data-keyboard_friendly_form=\"0\" data-form_state_type=\"\" method=\"post\" enctype=\"multipart\/form-data\" action=\"\/fr\/wp-json\/wp\/v2\/pages\/8149\"><div class=\"evf-field-container\"><input type=\"hidden\" id=\"_wpnonce8147\" name=\"_wpnonce8147\" value=\"6f451dd548\" \/><input type=\"hidden\" name=\"_wp_http_referer\" value=\"\/fr\/wp-json\/wp\/v2\/pages\/8149\" \/><div class=\"evf-frontend-row\" data-row=\"row_1\" conditional_rules=\"[]\"><div class=\"evf-frontend-grid evf-grid-1\" data-grid=\"grid_1\"><div id=\"evf-8147-field_EvzWteAj78-5-container\" class=\"evf-field evf-field-text form-row validate-required\" data-required-field-message=\"This field is required.\" data-field-id=\"EvzWteAj78-5\"><label class=\"evf-field-label\" for=\"evf-8147-field_EvzWteAj78-5\"><span class=\"evf-label\">Raison Sociale<\/span> <abbr class=\"required\" title=\"N\u00e9cessaire\">*<\/abbr><\/label><input type=\"text\" id=\"evf-8147-field_EvzWteAj78-5\" class=\"input-text\" name=\"everest_forms[form_fields][EvzWteAj78-5]\" required><\/div><div id=\"evf-8147-field_e42KaZxTni-2-container\" class=\"evf-field evf-field-last-name form-row\" data-field-id=\"e42KaZxTni-2\"><label class=\"evf-field-label\" for=\"evf-8147-field_e42KaZxTni-2\"><span class=\"evf-label\">Adresse<\/span> <\/label><input type=\"text\" id=\"evf-8147-field_e42KaZxTni-2\" class=\"input-text\" name=\"everest_forms[form_fields][e42KaZxTni-2]\" ><\/div><\/div><\/div><div class=\"evf-frontend-row\" data-row=\"row_3\" conditional_rules=\"[]\"><div class=\"evf-frontend-grid evf-grid-2\" data-grid=\"grid_1\"><div id=\"evf-8147-field_Ze3d2nVeD9-12-container\" class=\"evf-field evf-field-text form-row validate-required\" data-required-field-message=\"This field is required.\" data-field-id=\"Ze3d2nVeD9-12\"><label class=\"evf-field-label\" for=\"evf-8147-field_Ze3d2nVeD9-12\"><span class=\"evf-label\">Nom \/ Pr\u00e9nom - CONTACT PRINCIPAL<\/span> <abbr class=\"required\" title=\"N\u00e9cessaire\">*<\/abbr><\/label><input type=\"text\" id=\"evf-8147-field_Ze3d2nVeD9-12\" class=\"input-text\" name=\"everest_forms[form_fields][Ze3d2nVeD9-12]\" required><\/div><div id=\"evf-8147-field_etbz1sxIJA-14-container\" class=\"evf-field evf-field-email form-row validate-required validate-email\" data-required-field-message=\"Please enter a valid email address.\" data-field-id=\"etbz1sxIJA-14\"><label class=\"evf-field-label\" for=\"evf-8147-field_etbz1sxIJA-14\"><span class=\"evf-label\">E-mail<\/span> <abbr class=\"required\" title=\"N\u00e9cessaire\">*<\/abbr><\/label><input type=\"email\" id=\"evf-8147-field_etbz1sxIJA-14\" class=\"input-text\" name=\"everest_forms[form_fields][etbz1sxIJA-14]\" required ><\/div><\/div><div class=\"evf-frontend-grid evf-grid-2\" data-grid=\"grid_2\"><div id=\"evf-8147-field_f0NzrRIGDZ-12-container\" class=\"evf-field evf-field-last-name form-row\" data-field-id=\"f0NzrRIGDZ-12\"><label class=\"evf-field-label\" for=\"evf-8147-field_f0NzrRIGDZ-12\"><span class=\"evf-label\">Adresse <\/span> <\/label><input type=\"text\" id=\"evf-8147-field_f0NzrRIGDZ-12\" class=\"input-text\" name=\"everest_forms[form_fields][f0NzrRIGDZ-12]\" ><\/div><div id=\"evf-8147-field_fK2EsKd91W-29-container\" class=\"evf-field evf-field-last-name form-row\" data-field-id=\"fK2EsKd91W-29\"><label class=\"evf-field-label\" for=\"evf-8147-field_fK2EsKd91W-29\"><span class=\"evf-label\">T\u00e9l\u00e9phone<\/span> <\/label><input type=\"text\" id=\"evf-8147-field_fK2EsKd91W-29\" class=\"input-text\" name=\"everest_forms[form_fields][fK2EsKd91W-29]\" ><\/div><\/div><\/div><div class=\"evf-frontend-row\" data-row=\"row_4\" conditional_rules=\"[]\"><div class=\"evf-frontend-grid evf-grid-2\" data-grid=\"grid_1\"><div id=\"evf-8147-field_Zi0y0742dD-19-container\" class=\"evf-field evf-field-text form-row validate-required\" data-required-field-message=\"This field is required.\" data-field-id=\"Zi0y0742dD-19\"><label class=\"evf-field-label\" for=\"evf-8147-field_Zi0y0742dD-19\"><span class=\"evf-label\">Nom \/ Pr\u00e9nom - UTILISATEUR 1<\/span> <abbr class=\"required\" title=\"N\u00e9cessaire\">*<\/abbr><\/label><input type=\"text\" id=\"evf-8147-field_Zi0y0742dD-19\" class=\"input-text\" name=\"everest_forms[form_fields][Zi0y0742dD-19]\" required><\/div><div id=\"evf-8147-field_mr6s0E1RVc-20-container\" class=\"evf-field evf-field-email form-row validate-required validate-email\" data-required-field-message=\"Please enter a valid email address.\" data-field-id=\"mr6s0E1RVc-20\"><label class=\"evf-field-label\" for=\"evf-8147-field_mr6s0E1RVc-20\"><span class=\"evf-label\">E-mail 1<\/span> <abbr class=\"required\" title=\"N\u00e9cessaire\">*<\/abbr><\/label><input type=\"email\" id=\"evf-8147-field_mr6s0E1RVc-20\" class=\"input-text\" name=\"everest_forms[form_fields][mr6s0E1RVc-20]\" required ><\/div><div id=\"evf-8147-field_wKz7Y8S7Lw-21-container\" class=\"evf-field evf-field-text form-row validate-required\" data-required-field-message=\"This field is required.\" data-field-id=\"wKz7Y8S7Lw-21\"><label class=\"evf-field-label\" for=\"evf-8147-field_wKz7Y8S7Lw-21\"><span class=\"evf-label\">Nom \/ Pr\u00e9nom - UTILISATEUR 2<\/span> <abbr class=\"required\" title=\"N\u00e9cessaire\">*<\/abbr><\/label><input type=\"text\" id=\"evf-8147-field_wKz7Y8S7Lw-21\" class=\"input-text\" name=\"everest_forms[form_fields][wKz7Y8S7Lw-21]\" required><\/div><div id=\"evf-8147-field_CVSSsgCoI3-24-container\" class=\"evf-field evf-field-email form-row validate-required validate-email\" data-required-field-message=\"Please enter a valid email address.\" data-field-id=\"CVSSsgCoI3-24\"><label class=\"evf-field-label\" for=\"evf-8147-field_CVSSsgCoI3-24\"><span class=\"evf-label\">E-mail 2<\/span> <abbr class=\"required\" title=\"N\u00e9cessaire\">*<\/abbr><\/label><input type=\"email\" id=\"evf-8147-field_CVSSsgCoI3-24\" class=\"input-text\" name=\"everest_forms[form_fields][CVSSsgCoI3-24]\" required ><\/div><div id=\"evf-8147-field_5wsRjILXHx-22-container\" class=\"evf-field evf-field-text form-row validate-required\" data-required-field-message=\"This field is required.\" data-field-id=\"5wsRjILXHx-22\"><label class=\"evf-field-label\" for=\"evf-8147-field_5wsRjILXHx-22\"><span class=\"evf-label\">Nom \/ Pr\u00e9nom - UTILISATEUR 3<\/span> <abbr class=\"required\" title=\"N\u00e9cessaire\">*<\/abbr><\/label><input type=\"text\" id=\"evf-8147-field_5wsRjILXHx-22\" class=\"input-text\" name=\"everest_forms[form_fields][5wsRjILXHx-22]\" required><\/div><div id=\"evf-8147-field_DRinfcdSrY-25-container\" class=\"evf-field evf-field-email form-row validate-required validate-email\" data-required-field-message=\"Please enter a valid email address.\" data-field-id=\"DRinfcdSrY-25\"><label class=\"evf-field-label\" for=\"evf-8147-field_DRinfcdSrY-25\"><span class=\"evf-label\">E-mail 3<\/span> <abbr class=\"required\" title=\"N\u00e9cessaire\">*<\/abbr><\/label><input type=\"email\" id=\"evf-8147-field_DRinfcdSrY-25\" class=\"input-text\" name=\"everest_forms[form_fields][DRinfcdSrY-25]\" required ><\/div><div id=\"evf-8147-field_Gz4CeqigY6-23-container\" class=\"evf-field evf-field-text form-row validate-required\" data-required-field-message=\"This field is required.\" data-field-id=\"Gz4CeqigY6-23\"><label class=\"evf-field-label\" for=\"evf-8147-field_Gz4CeqigY6-23\"><span class=\"evf-label\">Nom \/ Pr\u00e9nom - UTILISATEUR4<\/span> <abbr class=\"required\" title=\"N\u00e9cessaire\">*<\/abbr><\/label><input type=\"text\" id=\"evf-8147-field_Gz4CeqigY6-23\" class=\"input-text\" name=\"everest_forms[form_fields][Gz4CeqigY6-23]\" required><\/div><div id=\"evf-8147-field_HwkPamTr2G-26-container\" class=\"evf-field evf-field-email form-row validate-required validate-email\" data-required-field-message=\"Please enter a valid email address.\" data-field-id=\"HwkPamTr2G-26\"><label class=\"evf-field-label\" for=\"evf-8147-field_HwkPamTr2G-26\"><span class=\"evf-label\">E-mail 4<\/span> <abbr class=\"required\" title=\"N\u00e9cessaire\">*<\/abbr><\/label><input type=\"email\" id=\"evf-8147-field_HwkPamTr2G-26\" class=\"input-text\" name=\"everest_forms[form_fields][HwkPamTr2G-26]\" required ><\/div><\/div><div class=\"evf-frontend-grid evf-grid-2\" data-grid=\"grid_2\"><div id=\"evf-8147-field_Sbu1EoJxv7-27-container\" class=\"evf-field evf-field-text form-row validate-required\" data-required-field-message=\"This field is required.\" data-field-id=\"Sbu1EoJxv7-27\"><label class=\"evf-field-label\" for=\"evf-8147-field_Sbu1EoJxv7-27\"><span class=\"evf-label\">Nom \/ Pr\u00e9nom - UTILISATEUR 5<\/span> <abbr class=\"required\" title=\"N\u00e9cessaire\">*<\/abbr><\/label><input type=\"text\" id=\"evf-8147-field_Sbu1EoJxv7-27\" class=\"input-text\" name=\"everest_forms[form_fields][Sbu1EoJxv7-27]\" required><\/div><div id=\"evf-8147-field_eFYUoFuWZq-28-container\" class=\"evf-field evf-field-email form-row validate-required validate-email\" data-required-field-message=\"Please enter a valid email address.\" data-field-id=\"eFYUoFuWZq-28\"><label class=\"evf-field-label\" for=\"evf-8147-field_eFYUoFuWZq-28\"><span class=\"evf-label\">E-mail 5<\/span> <abbr class=\"required\" title=\"N\u00e9cessaire\">*<\/abbr><\/label><input type=\"email\" id=\"evf-8147-field_eFYUoFuWZq-28\" class=\"input-text\" name=\"everest_forms[form_fields][eFYUoFuWZq-28]\" required ><\/div><\/div><\/div><div class=\"evf-frontend-row\" data-row=\"row_5\" conditional_rules=\"[]\"><div class=\"evf-frontend-grid evf-grid-1\" data-grid=\"grid_1\"><div id=\"evf-8147-field_XBSotSJUkZ-17-container\" class=\"evf-field evf-field-checkbox form-row validate-required\" data-required-field-message=\"This field is required.\" data-field-id=\"XBSotSJUkZ-17\"><label class=\"evf-field-label\" for=\"evf-8147-field_XBSotSJUkZ-17\"><span class=\"evf-label\">Consentement<\/span> <abbr class=\"required\" title=\"N\u00e9cessaire\">*<\/abbr><\/label><ul id=\"evf-8147-field_XBSotSJUkZ-17\" class=\" evf-field-required\"><li class=\"choice-1 depth-1\"><input type=\"checkbox\" id=\"evf-8147-field_XBSotSJUkZ-17_1\" class=\"input-text\" name=\"everest_forms[form_fields][XBSotSJUkZ-17][]\" value=\"En soumettant ce formulaire j&#039;accepte que les informations saisies soient exploit\u00e9es dans le cadre de la demande de contact et de la relation commerciale qui peut en d\u00e9couler.\" required ><label class=\"everest-forms-field-label-inline\" for=\"evf-8147-field_XBSotSJUkZ-17_1\">En soumettant ce formulaire j'accepte que les informations saisies soient exploit\u00e9es dans le cadre de la demande de contact et de la relation commerciale qui peut en d\u00e9couler.<\/label><\/li><\/ul><\/div><\/div><\/div><\/div><div class=\"evf-honeypot-container evf-field-hp\"><label for=\"evf-8147-field-hp\" class=\"evf-field-label\">Phone<\/label><input type=\"text\" name=\"everest_forms[hp]\" id=\"evf-8147-field-hp\" class=\"input-text\"><\/div><div class=\"evf-submit-container \" ><input type=\"hidden\" name=\"everest_forms[id]\" value=\"8147\"><input type=\"hidden\" name=\"everest_forms[author]\" value=\"1\"><button type='submit' name='everest_forms[submit]' class='everest-forms-submit-button button evf-submit ' id='evf-submit-8147' value='evf-submit' data-process-text=\"Processing\u2026\" conditional_rules='&quot;&quot;' conditional_id='evf-submit-8147'  id=\"evf-submit-8147\" aria-live=\"assertive\">Envoyer<\/button><\/div><\/form><\/div><!-- .evf-container --><\/div>\n<\/div>\n<\/div><\/div><\/div><div id=\"pgc-8149-0-1\"  class=\"panel-grid-cell panel-grid-cell-empty\" ><\/div><\/div><\/div>","protected":false},"excerpt":{"rendered":"<p>Raison Sociale *Adresse Nom \/ Pr\u00e9nom &#8211; CONTACT PRINCIPAL *E-mail *Adresse T\u00e9l\u00e9phone Nom \/ Pr\u00e9nom &#8211; UTILISATEUR 1 *E-mail 1 *Nom \/ Pr\u00e9nom &#8211; UTILISATEUR 2 *E-mail 2 *Nom \/ Pr\u00e9nom &#8211; UTILISATEUR 3 *E-mail 3 *Nom \/ Pr\u00e9nom &#8211; UTILISATEUR4 *E-mail 4 *Nom \/ Pr\u00e9nom &#8211; UTILISATEUR 5 *E-mail 5 *Consentement *En soumettant ce formulaire j&rsquo;accepte que les informations saisies soient exploit\u00e9es dans le cadre de la demande de contact et de la relation [&hellip;]<\/p>\n","protected":false},"author":1,"featured_media":0,"parent":0,"menu_order":0,"comment_status":"closed","ping_status":"closed","template":"","meta":{"footnotes":""},"class_list":["post-8149","page","type-page","status-publish","hentry"],"yoast_head":"<!-- This site is optimized with the Yoast SEO plugin v27.5 - https:\/\/yoast.com\/product\/yoast-seo-wordpress\/ -->\n<title>Abonnement Encyclop\u00e9die Douani\u00e8re via conex\u2122 - Conex France<\/title>\n<meta name=\"robots\" content=\"index, follow, max-snippet:-1, max-image-preview:large, max-video-preview:-1\" \/>\n<link rel=\"canonical\" href=\"https:\/\/www.conex.net\/fr\/abonnement-encyclopedie-douaniere-via-conex\/\" \/>\n<meta property=\"og:locale\" content=\"fr_FR\" \/>\n<meta property=\"og:type\" content=\"article\" \/>\n<meta property=\"og:title\" content=\"Abonnement Encyclop\u00e9die Douani\u00e8re via conex\u2122 - Conex France\" \/>\n<meta property=\"og:description\" content=\"Raison Sociale *Adresse Nom \/ Pr\u00e9nom - CONTACT PRINCIPAL *E-mail *Adresse T\u00e9l\u00e9phone Nom \/ Pr\u00e9nom - UTILISATEUR 1 *E-mail 1 *Nom \/ Pr\u00e9nom - UTILISATEUR 2 *E-mail 2 *Nom \/ Pr\u00e9nom - UTILISATEUR 3 *E-mail 3 *Nom \/ Pr\u00e9nom - UTILISATEUR4 *E-mail 4 *Nom \/ Pr\u00e9nom - UTILISATEUR 5 *E-mail 5 *Consentement *En soumettant ce formulaire j&#039;accepte que les informations saisies soient exploit\u00e9es dans le cadre de la demande de contact et de la relation [&hellip;]\" \/>\n<meta property=\"og:url\" content=\"https:\/\/www.conex.net\/fr\/abonnement-encyclopedie-douaniere-via-conex\/\" \/>\n<meta property=\"og:site_name\" content=\"Conex France\" \/>\n<meta property=\"article:modified_time\" content=\"2022-09-30T12:57:37+00:00\" \/>\n<meta name=\"twitter:card\" content=\"summary_large_image\" \/>\n<script type=\"application\/ld+json\" class=\"yoast-schema-graph\">{\"@context\":\"https:\\\/\\\/schema.org\",\"@graph\":[{\"@type\":\"WebPage\",\"@id\":\"https:\\\/\\\/www.conex.net\\\/fr\\\/abonnement-encyclopedie-douaniere-via-conex\\\/\",\"url\":\"https:\\\/\\\/www.conex.net\\\/fr\\\/abonnement-encyclopedie-douaniere-via-conex\\\/\",\"name\":\"Abonnement Encyclop\u00e9die Douani\u00e8re via conex\u2122 - Conex France\",\"isPartOf\":{\"@id\":\"https:\\\/\\\/www.conex.net\\\/fr\\\/#website\"},\"datePublished\":\"2022-09-29T15:31:55+00:00\",\"dateModified\":\"2022-09-30T12:57:37+00:00\",\"breadcrumb\":{\"@id\":\"https:\\\/\\\/www.conex.net\\\/fr\\\/abonnement-encyclopedie-douaniere-via-conex\\\/#breadcrumb\"},\"inLanguage\":\"fr-FR\",\"potentialAction\":[{\"@type\":\"ReadAction\",\"target\":[\"https:\\\/\\\/www.conex.net\\\/fr\\\/abonnement-encyclopedie-douaniere-via-conex\\\/\"]}]},{\"@type\":\"BreadcrumbList\",\"@id\":\"https:\\\/\\\/www.conex.net\\\/fr\\\/abonnement-encyclopedie-douaniere-via-conex\\\/#breadcrumb\",\"itemListElement\":[{\"@type\":\"ListItem\",\"position\":1,\"name\":\"Accueil\",\"item\":\"https:\\\/\\\/www.conex.net\\\/fr\\\/\"},{\"@type\":\"ListItem\",\"position\":2,\"name\":\"Abonnement Encyclop\u00e9die Douani\u00e8re via conex\u2122\"}]},{\"@type\":\"WebSite\",\"@id\":\"https:\\\/\\\/www.conex.net\\\/fr\\\/#website\",\"url\":\"https:\\\/\\\/www.conex.net\\\/fr\\\/\",\"name\":\"Conex France\",\"description\":\"Your customs partner - CONEX FRANCE\",\"publisher\":{\"@id\":\"https:\\\/\\\/www.conex.net\\\/fr\\\/#organization\"},\"potentialAction\":[{\"@type\":\"SearchAction\",\"target\":{\"@type\":\"EntryPoint\",\"urlTemplate\":\"https:\\\/\\\/www.conex.net\\\/fr\\\/?s={search_term_string}\"},\"query-input\":{\"@type\":\"PropertyValueSpecification\",\"valueRequired\":true,\"valueName\":\"search_term_string\"}}],\"inLanguage\":\"fr-FR\"},{\"@type\":\"Organization\",\"@id\":\"https:\\\/\\\/www.conex.net\\\/fr\\\/#organization\",\"name\":\"CONEX SAS\",\"url\":\"https:\\\/\\\/www.conex.net\\\/fr\\\/\",\"logo\":{\"@type\":\"ImageObject\",\"inLanguage\":\"fr-FR\",\"@id\":\"https:\\\/\\\/www.conex.net\\\/fr\\\/#\\\/schema\\\/logo\\\/image\\\/\",\"url\":\"https:\\\/\\\/www.conex.net\\\/fr\\\/wp-content\\\/uploads\\\/sites\\\/2\\\/2018\\\/10\\\/logo-conex.png\",\"contentUrl\":\"https:\\\/\\\/www.conex.net\\\/fr\\\/wp-content\\\/uploads\\\/sites\\\/2\\\/2018\\\/10\\\/logo-conex.png\",\"width\":138,\"height\":49,\"caption\":\"CONEX SAS\"},\"image\":{\"@id\":\"https:\\\/\\\/www.conex.net\\\/fr\\\/#\\\/schema\\\/logo\\\/image\\\/\"}}]}<\/script>\n<!-- \/ Yoast SEO plugin. -->","yoast_head_json":{"title":"Abonnement Encyclop\u00e9die Douani\u00e8re via conex\u2122 - Conex France","robots":{"index":"index","follow":"follow","max-snippet":"max-snippet:-1","max-image-preview":"max-image-preview:large","max-video-preview":"max-video-preview:-1"},"canonical":"https:\/\/www.conex.net\/fr\/abonnement-encyclopedie-douaniere-via-conex\/","og_locale":"fr_FR","og_type":"article","og_title":"Abonnement Encyclop\u00e9die Douani\u00e8re via conex\u2122 - Conex France","og_description":"Raison Sociale *Adresse Nom \/ Pr\u00e9nom - CONTACT PRINCIPAL *E-mail *Adresse T\u00e9l\u00e9phone Nom \/ Pr\u00e9nom - UTILISATEUR 1 *E-mail 1 *Nom \/ Pr\u00e9nom - UTILISATEUR 2 *E-mail 2 *Nom \/ Pr\u00e9nom - UTILISATEUR 3 *E-mail 3 *Nom \/ Pr\u00e9nom - UTILISATEUR4 *E-mail 4 *Nom \/ Pr\u00e9nom - UTILISATEUR 5 *E-mail 5 *Consentement *En soumettant ce formulaire j'accepte que les informations saisies soient exploit\u00e9es dans le cadre de la demande de contact et de la relation [&hellip;]","og_url":"https:\/\/www.conex.net\/fr\/abonnement-encyclopedie-douaniere-via-conex\/","og_site_name":"Conex France","article_modified_time":"2022-09-30T12:57:37+00:00","twitter_card":"summary_large_image","schema":{"@context":"https:\/\/schema.org","@graph":[{"@type":"WebPage","@id":"https:\/\/www.conex.net\/fr\/abonnement-encyclopedie-douaniere-via-conex\/","url":"https:\/\/www.conex.net\/fr\/abonnement-encyclopedie-douaniere-via-conex\/","name":"Abonnement Encyclop\u00e9die Douani\u00e8re via conex\u2122 - Conex France","isPartOf":{"@id":"https:\/\/www.conex.net\/fr\/#website"},"datePublished":"2022-09-29T15:31:55+00:00","dateModified":"2022-09-30T12:57:37+00:00","breadcrumb":{"@id":"https:\/\/www.conex.net\/fr\/abonnement-encyclopedie-douaniere-via-conex\/#breadcrumb"},"inLanguage":"fr-FR","potentialAction":[{"@type":"ReadAction","target":["https:\/\/www.conex.net\/fr\/abonnement-encyclopedie-douaniere-via-conex\/"]}]},{"@type":"BreadcrumbList","@id":"https:\/\/www.conex.net\/fr\/abonnement-encyclopedie-douaniere-via-conex\/#breadcrumb","itemListElement":[{"@type":"ListItem","position":1,"name":"Accueil","item":"https:\/\/www.conex.net\/fr\/"},{"@type":"ListItem","position":2,"name":"Abonnement Encyclop\u00e9die Douani\u00e8re via conex\u2122"}]},{"@type":"WebSite","@id":"https:\/\/www.conex.net\/fr\/#website","url":"https:\/\/www.conex.net\/fr\/","name":"Conex France","description":"Your customs partner - CONEX FRANCE","publisher":{"@id":"https:\/\/www.conex.net\/fr\/#organization"},"potentialAction":[{"@type":"SearchAction","target":{"@type":"EntryPoint","urlTemplate":"https:\/\/www.conex.net\/fr\/?s={search_term_string}"},"query-input":{"@type":"PropertyValueSpecification","valueRequired":true,"valueName":"search_term_string"}}],"inLanguage":"fr-FR"},{"@type":"Organization","@id":"https:\/\/www.conex.net\/fr\/#organization","name":"CONEX SAS","url":"https:\/\/www.conex.net\/fr\/","logo":{"@type":"ImageObject","inLanguage":"fr-FR","@id":"https:\/\/www.conex.net\/fr\/#\/schema\/logo\/image\/","url":"https:\/\/www.conex.net\/fr\/wp-content\/uploads\/sites\/2\/2018\/10\/logo-conex.png","contentUrl":"https:\/\/www.conex.net\/fr\/wp-content\/uploads\/sites\/2\/2018\/10\/logo-conex.png","width":138,"height":49,"caption":"CONEX SAS"},"image":{"@id":"https:\/\/www.conex.net\/fr\/#\/schema\/logo\/image\/"}}]}},"_links":{"self":[{"href":"https:\/\/www.conex.net\/fr\/wp-json\/wp\/v2\/pages\/8149","targetHints":{"allow":["GET"]}}],"collection":[{"href":"https:\/\/www.conex.net\/fr\/wp-json\/wp\/v2\/pages"}],"about":[{"href":"https:\/\/www.conex.net\/fr\/wp-json\/wp\/v2\/types\/page"}],"author":[{"embeddable":true,"href":"https:\/\/www.conex.net\/fr\/wp-json\/wp\/v2\/users\/1"}],"replies":[{"embeddable":true,"href":"https:\/\/www.conex.net\/fr\/wp-json\/wp\/v2\/comments?post=8149"}],"version-history":[{"count":6,"href":"https:\/\/www.conex.net\/fr\/wp-json\/wp\/v2\/pages\/8149\/revisions"}],"predecessor-version":[{"id":8156,"href":"https:\/\/www.conex.net\/fr\/wp-json\/wp\/v2\/pages\/8149\/revisions\/8156"}],"wp:attachment":[{"href":"https:\/\/www.conex.net\/fr\/wp-json\/wp\/v2\/media?parent=8149"}],"curies":[{"name":"wp","href":"https:\/\/api.w.org\/{rel}","templated":true}]}}