{"id":8367,"date":"2022-12-09T11:45:50","date_gmt":"2022-12-09T10:45:50","guid":{"rendered":"https:\/\/www.conex.net\/fr\/?page_id=8367"},"modified":"2024-02-01T14:31:12","modified_gmt":"2024-02-01T13:31:12","slug":"document-digitalisation","status":"publish","type":"page","link":"https:\/\/www.conex.net\/fr\/en\/document-digitalisation\/","title":{"rendered":"DOCUMENT DIGITALISATION"},"content":{"rendered":"<div id=\"pl-8367\"  class=\"panel-layout\" ><div id=\"pg-8367-0\"  class=\"panel-grid panel-has-style\" ><div class=\"siteorigin-panels-stretch panel-row-style panel-row-style-for-8367-0\" data-stretch-type=\"full-width-stretch\" ><div id=\"pgc-8367-0-0\"  class=\"panel-grid-cell\" ><div id=\"panel-8367-0-0-0\" class=\"so-panel widget widget_sow-hero panel-first-child panel-last-child\" data-index=\"0\" ><div\n\t\t\t\n\t\t\tclass=\"so-widget-sow-hero so-widget-sow-hero-default-d845270f363d-8367\"\n\t\t\t\n\t\t>\t\t\t\t<div class=\"sow-slider-base\" style=\"display: none\" tabindex=\"0\">\n\t\t\t\t\t<ul\n\t\t\t\t\tclass=\"sow-slider-images\"\n\t\t\t\t\tdata-settings=\"{&quot;pagination&quot;:true,&quot;speed&quot;:800,&quot;timeout&quot;:8000,&quot;paused&quot;:false,&quot;pause_on_hover&quot;:false,&quot;swipe&quot;:false,&quot;nav_always_show_desktop&quot;:&quot;&quot;,&quot;nav_always_show_mobile&quot;:&quot;&quot;,&quot;breakpoint&quot;:&quot;780px&quot;,&quot;unmute&quot;:false,&quot;anchor&quot;:null}\"\n\t\t\t\t\tstyle=\"min-height: 220px\"\t\t\t\t\tdata-anchor-id=\"\"\n\t\t\t\t>\t\t<li class=\"sow-slider-image  sow-slider-image-cover\" style=\"visibility: visible;;background-color: #333333;background-image: url(https:\/\/www.conex.net\/fr\/wp-content\/uploads\/sites\/2\/2022\/12\/OCR-IA-produitEN.jpg)\" >\n\t\t\t\t\t<div class=\"sow-slider-image-container\">\n\t\t\t<div class=\"sow-slider-image-wrapper\">\n\t\t\t\t\t\t\t<\/div>\n\t\t<\/div>\n\t\t\t\t<\/li>\n\t\t<\/ul>\t\t\t\t<ol class=\"sow-slider-pagination\">\n\t\t\t\t\t\t\t\t\t\t\t<li><a href=\"#\" data-goto=\"0\" aria-label=\"Display slide 1\"><\/a><\/li>\n\t\t\t\t\t\t\t\t\t<\/ol>\n\n\t\t\t\t<div class=\"sow-slide-nav sow-slide-nav-next\">\n\t\t\t\t\t<a href=\"#\" data-goto=\"next\" aria-label=\"Next slide\" data-action=\"next\">\n\t\t\t\t\t\t<em class=\"sow-sld-icon-thin-right\"><\/em>\n\t\t\t\t\t<\/a>\n\t\t\t\t<\/div>\n\n\t\t\t\t<div class=\"sow-slide-nav sow-slide-nav-prev\">\n\t\t\t\t\t<a href=\"#\" data-goto=\"previous\" aria-label=\"Previous slide\" data-action=\"prev\">\n\t\t\t\t\t\t<em class=\"sow-sld-icon-thin-left\"><\/em>\n\t\t\t\t\t<\/a>\n\t\t\t\t<\/div>\n\t\t\t\t<\/div><\/div><\/div><\/div><\/div><\/div><div id=\"pg-8367-1\"  class=\"panel-grid panel-has-style\" ><div class=\"siteorigin-panels-stretch panel-row-style panel-row-style-for-8367-1\" data-stretch-type=\"full\" ><div id=\"pgc-8367-1-0\"  class=\"panel-grid-cell\" ><div id=\"panel-8367-1-0-0\" class=\"so-panel widget widget_sow-editor panel-first-child panel-last-child\" data-index=\"1\" ><div\n\t\t\t\n\t\t\tclass=\"so-widget-sow-editor so-widget-sow-editor-base\"\n\t\t\t\n\t\t>\n<div class=\"siteorigin-widget-tinymce textwidget\">\n\t<h3 style=\"text-align: center;\"><span style=\"color: #333333;\">WHO<\/span><\/h3>\n<hr style=\"height: 2px; color: #fff; background-color: #fff; width: 50%; border: none;\" \/>\n<p style=\"text-align: center;\"><span style=\"color: #333333;\">Operators in charge of entering data from documents needed for customs declarations.<\/span><\/p>\n<\/div>\n<\/div><\/div><\/div><div id=\"pgc-8367-1-1\"  class=\"panel-grid-cell\" ><div id=\"panel-8367-1-1-0\" class=\"so-panel widget widget_sow-editor panel-first-child panel-last-child\" data-index=\"2\" ><div\n\t\t\t\n\t\t\tclass=\"so-widget-sow-editor so-widget-sow-editor-base\"\n\t\t\t\n\t\t>\n<div class=\"siteorigin-widget-tinymce textwidget\">\n\t<h3 style=\"text-align: center;\"><span style=\"color: #333333;\">WHAT<\/span><\/h3>\n<hr style=\"height: 2px; color: #fff; background-color: #fff; width: 50%; border: none;\" \/>\n<p style=\"text-align: center;\"><span style=\"color: #333333;\">Identify, digitalise, analyse, format and integrate<\/span><br \/>\n<span style=\"color: #333333;\">document data<\/span><br \/>\n<span style=\"color: #333333;\">in the customs via conex\u2122 solution<\/span><\/p>\n<\/div>\n<\/div><\/div><\/div><div id=\"pgc-8367-1-2\"  class=\"panel-grid-cell\" ><div id=\"panel-8367-1-2-0\" class=\"so-panel widget widget_sow-editor panel-first-child panel-last-child\" data-index=\"3\" ><div\n\t\t\t\n\t\t\tclass=\"so-widget-sow-editor so-widget-sow-editor-base\"\n\t\t\t\n\t\t>\n<div class=\"siteorigin-widget-tinymce textwidget\">\n\t<h3 style=\"text-align: center;\"><span style=\"color: #333333;\">HOW<\/span><\/h3>\n<hr style=\"height: 2px; color: #fff; background-color: #fff; width: 50%; border: none;\" \/>\n<p style=\"text-align: center;\"><span style=\"color: #333333;\">Based on AI technology, OCR via conex\u2122 <\/span><br \/>\n<span style=\"color: #333333;\">is a solution which has been integrated into <\/span><br \/>\n<span style=\"color: #333333;\">the via conex\u2122 software suite<\/span><\/p>\n<\/div>\n<\/div><\/div><\/div><\/div><\/div><div id=\"pg-8367-2\"  class=\"panel-grid panel-no-style\" ><div id=\"pgc-8367-2-0\"  class=\"panel-grid-cell\" ><div id=\"panel-8367-2-0-0\" class=\"so-panel widget widget_sow-editor panel-first-child panel-last-child\" data-index=\"4\" ><div\n\t\t\t\n\t\t\tclass=\"so-widget-sow-editor so-widget-sow-editor-base\"\n\t\t\t\n\t\t>\n<div class=\"siteorigin-widget-tinymce textwidget\">\n\t<h3><strong><span style=\"color: #333333;\">A technological evolution providing efficient support for declarants\u2019 ever-changing work<\/span> <\/strong><\/h3>\n<p><span style=\"color: #333333;\">Thanks to artificial intelligence technology, the <strong>OCR via conex\u2122<\/strong> module identifies useful data for customs declarations in documents, digitises, analyses and formats them to integrate them directly into its customs clearance solutions, precisely where the declarants need them.<\/span><\/p>\n<p>&nbsp;<\/p>\n<h3><span style=\"color: #333333;\"><strong>Avoid customs declaration data entry<\/strong><\/span><\/h3>\n<p><span style=\"color: #333333;\">By developing this new application in its customs software suite, CONEX saves operators from the time-consuming and tedious work of manual data entry. Relevant data elements are automatically extracted on the fly from international trade-related workflow documents, thus accelerating and securing all customs processing.<\/span><\/p>\n<\/div>\n<\/div><\/div><\/div><\/div><div id=\"pg-8367-3\"  class=\"panel-grid panel-has-style\" ><div class=\"siteorigin-panels-stretch panel-row-style panel-row-style-for-8367-3\" data-stretch-type=\"full\" ><div id=\"pgc-8367-3-0\"  class=\"panel-grid-cell\" ><div id=\"panel-8367-3-0-0\" class=\"so-panel widget widget_sow-editor panel-first-child panel-last-child\" data-index=\"5\" ><div\n\t\t\t\n\t\t\tclass=\"so-widget-sow-editor so-widget-sow-editor-base\"\n\t\t\t\n\t\t>\n<div class=\"siteorigin-widget-tinymce textwidget\">\n\t<p><img loading=\"lazy\" decoding=\"async\" class=\"aligncenter wp-image-8319 size-full\" title=\"IA DOUANE \" src=\"https:\/\/www.conex.net\/fr\/wp-content\/uploads\/sites\/2\/2022\/12\/ocr-conex-1.png\" alt=\"Nouveau module int\u00e9gr\u00e9 : OCR via conex\u2122 La puissance de l\u2019intelligence artificielle dans la digitalisation de vos documents\" width=\"120\" height=\"120\" \/><\/p>\n<h3 style=\"text-align: center;\"><span style=\"color: #30bfbd;\"><strong>1<\/strong><\/span><\/h3>\n<p style=\"text-align: center;\"><span style=\"color: #333333;\">A <strong>character recognition<\/strong> solution that extracts data from your scanned documents (invoices, packing list for example).<\/span><\/p>\n<\/div>\n<\/div><\/div><\/div><div id=\"pgc-8367-3-1\"  class=\"panel-grid-cell\" ><div id=\"panel-8367-3-1-0\" class=\"so-panel widget widget_sow-editor panel-first-child panel-last-child\" data-index=\"6\" ><div\n\t\t\t\n\t\t\tclass=\"so-widget-sow-editor so-widget-sow-editor-base\"\n\t\t\t\n\t\t>\n<div class=\"siteorigin-widget-tinymce textwidget\">\n\t<p><img loading=\"lazy\" decoding=\"async\" class=\"aligncenter wp-image-8320 size-full\" title=\"IA DOUANE \" src=\"https:\/\/www.conex.net\/fr\/wp-content\/uploads\/sites\/2\/2022\/12\/ocr-conex-2.png\" alt=\"1 Une solution de reconnaissance des caract\u00e8res qui extrait les donn\u00e9es de vos documents scann\u00e9s (factures, packing list par exemple).\" width=\"120\" height=\"120\" \/><\/p>\n<h3 style=\"text-align: center;\"><span style=\"color: #30bfbd;\"><strong>2<\/strong><\/span><\/h3>\n<p style=\"text-align: center;\"><span style=\"color: #333333;\"><strong>Intelligent capture that targets and records<\/strong> <\/span><br \/>\n<span style=\"color: #333333;\">information you need in your <\/span><br \/>\n<span style=\"color: #333333;\">customs processes.<\/span><\/p>\n<\/div>\n<\/div><\/div><\/div><div id=\"pgc-8367-3-2\"  class=\"panel-grid-cell\" ><div id=\"panel-8367-3-2-0\" class=\"so-panel widget widget_sow-editor panel-first-child panel-last-child\" data-index=\"7\" ><div\n\t\t\t\n\t\t\tclass=\"so-widget-sow-editor so-widget-sow-editor-base\"\n\t\t\t\n\t\t>\n<div class=\"siteorigin-widget-tinymce textwidget\">\n\t<p><img loading=\"lazy\" decoding=\"async\" class=\"aligncenter wp-image-8321 size-full\" title=\"IA DOUANE \" src=\"https:\/\/www.conex.net\/fr\/wp-content\/uploads\/sites\/2\/2022\/12\/ocr-conex-3.png\" alt=\"2 Une capture intelligente qui cible et enregistre les informations dont vous avez besoin dans vos process douaniers.\" width=\"120\" height=\"120\" \/><\/p>\n<h3 style=\"text-align: center;\"><span style=\"color: #30bfbd;\"><strong>3<\/strong><\/span><\/h3>\n<p style=\"text-align: center;\"><span style=\"color: #333333;\"><strong>A self-learning solution that is enriched<\/strong> to deploy its full power <\/span><br \/>\n<span style=\"color: #333333;\">after you\u2019ve processed only a few documents<\/span><\/p>\n<\/div>\n<\/div><\/div><\/div><div id=\"pgc-8367-3-3\"  class=\"panel-grid-cell\" ><div id=\"panel-8367-3-3-0\" class=\"so-panel widget widget_sow-editor panel-first-child panel-last-child\" data-index=\"8\" ><div\n\t\t\t\n\t\t\tclass=\"so-widget-sow-editor so-widget-sow-editor-base\"\n\t\t\t\n\t\t>\n<div class=\"siteorigin-widget-tinymce textwidget\">\n\t<p><img loading=\"lazy\" decoding=\"async\" class=\"aligncenter wp-image-8322 size-full\" title=\"IA DOUANE \" src=\"https:\/\/www.conex.net\/fr\/wp-content\/uploads\/sites\/2\/2022\/12\/ocr-conex-4.png\" alt=\"3 Une solution auto apprenante qui s\u2019enrichit pour d\u00e9ployer sa pleine puissance apr\u00e8s seulement quelques documents trait\u00e9s par vos soins\" width=\"120\" height=\"120\" \/><\/p>\n<h3 style=\"text-align: center;\"><span style=\"color: #30bfbd;\"><strong>4<\/strong><\/span><\/h3>\n<p style=\"text-align: center;\"><span style=\"color: #333333;\">Information <strong>automatically routed and associated<\/strong> with the corresponding fields in your master files, LOGISTICOMS\u2122 and\/or lines of your customs declarations via conex\u2122.<\/span><\/p>\n<\/div>\n<\/div><\/div><\/div><\/div><\/div><div id=\"pg-8367-4\"  class=\"panel-grid panel-no-style\" ><div id=\"pgc-8367-4-0\"  class=\"panel-grid-cell\" ><div id=\"panel-8367-4-0-0\" class=\"so-panel widget widget_sow-editor panel-first-child panel-last-child\" data-index=\"9\" ><div\n\t\t\t\n\t\t\tclass=\"so-widget-sow-editor so-widget-sow-editor-base\"\n\t\t\t\n\t\t>\n<div class=\"siteorigin-widget-tinymce textwidget\">\n\t<h3><span style=\"color: #333333;\"><strong>The advantages of OCR via conex\u2122 for your customs processes<\/strong><\/span><\/h3>\n<ul>\n<li><span style=\"color: #333333;\">Saving time, gaining in productivity<\/span><\/li>\n<li><span style=\"color: #333333;\">Eliminating data entry errors, less stress for operators<\/span><\/li>\n<li><span style=\"color: #333333;\">Securing customs processes<\/span><\/li>\n<li><span style=\"color: #333333;\">Immediate return on investment<\/span><\/li>\n<li><span style=\"color: #333333;\">Ease of deployment<\/span><\/li>\n<\/ul>\n<\/div>\n<\/div><\/div><\/div><\/div><div id=\"pg-8367-5\"  class=\"panel-grid panel-has-style\" ><div class=\"siteorigin-panels-stretch panel-row-style panel-row-style-for-8367-5\" data-stretch-type=\"full\" ><div id=\"pgc-8367-5-0\"  class=\"panel-grid-cell\" ><div id=\"panel-8367-5-0-0\" class=\"so-panel widget widget_sow-editor panel-first-child panel-last-child\" data-index=\"10\" ><div\n\t\t\t\n\t\t\tclass=\"so-widget-sow-editor so-widget-sow-editor-base\"\n\t\t\t\n\t\t>\n<div class=\"siteorigin-widget-tinymce textwidget\">\n\t<h1 style=\"text-align: center;\"><strong>IN ADDITION TO CUSTOMS via conex\u2122 !<\/strong><\/h1>\n<\/div>\n<\/div><\/div><\/div><\/div><\/div><div id=\"pg-8367-6\"  class=\"panel-grid panel-has-style\" ><div class=\"siteorigin-panels-stretch panel-row-style panel-row-style-for-8367-6\" data-stretch-type=\"full\" ><div id=\"pgc-8367-6-0\"  class=\"panel-grid-cell\" ><div id=\"panel-8367-6-0-0\" class=\"so-panel widget widget_sow-editor panel-first-child panel-last-child\" data-index=\"11\" ><div\n\t\t\t\n\t\t\tclass=\"so-widget-sow-editor so-widget-sow-editor-base\"\n\t\t\t\n\t\t>\n<div class=\"siteorigin-widget-tinymce textwidget\">\n\t<p><a href=\"\/fr\/douane-logiciel\/\"><img loading=\"lazy\" decoding=\"async\" class=\"aligncenter wp-image-844 size-full\" title=\"CUSTOMS via CONEX - \" src=\"https:\/\/www.conex.net\/fr\/wp-content\/uploads\/sites\/2\/2019\/05\/customs-encyclopedie-douaniere.jpg\" alt=\"CUSTOMS via CONEX - la Douane electronique - customs-encyclopedie-douaniere \" width=\"243\" height=\"142\" \/><\/a><\/p>\n<h4 style=\"text-align: center;\">CUSTOMS via conex\u2122<\/h4>\n<p style=\"text-align: center;\"><strong><span style=\"color: #b80000;\">CUSTOMS<\/span> via conex\u2122<\/strong>\u00a0 \u00a0is a complete and modular SaaS solution devoted to the administrative management of electronic customs clearance operations for all customs procedures. Our solution is available in several countries.<\/p>\n<p style=\"text-align: center;\"><img loading=\"lazy\" decoding=\"async\" class=\"aligncenter wp-image-2858 size-full\" title=\"CUSTOMS via CONEX - la Douane electronique\" src=\"\/fr\/wp-content\/uploads\/sites\/2\/2019\/12\/readmore-customs.jpg\" alt=\"CUSTOMS via conex\u2122\" width=\"149\" height=\"66\" \/><\/p>\n<\/div>\n<\/div><\/div><\/div><div id=\"pgc-8367-6-1\"  class=\"panel-grid-cell\" ><div id=\"panel-8367-6-1-0\" class=\"so-panel widget widget_sow-editor panel-first-child panel-last-child\" data-index=\"12\" ><div\n\t\t\t\n\t\t\tclass=\"so-widget-sow-editor so-widget-sow-editor-base\"\n\t\t\t\n\t\t>\n<div class=\"siteorigin-widget-tinymce textwidget\">\n\t<p><img loading=\"lazy\" decoding=\"async\" class=\"aligncenter wp-image-8072\" src=\"https:\/\/www.conex.net\/fr\/wp-content\/uploads\/sites\/2\/2022\/08\/logo-zen-BC-EN-300x222.png\" alt=\"BLOCKCHAIN ZEN VIA CONEX\" width=\"195\" height=\"144\" srcset=\"https:\/\/www.conex.net\/fr\/wp-content\/uploads\/sites\/2\/2022\/08\/logo-zen-BC-EN-300x222.png 300w, https:\/\/www.conex.net\/fr\/wp-content\/uploads\/sites\/2\/2022\/08\/logo-zen-BC-EN.png 482w\" sizes=\"auto, (max-width: 195px) 100vw, 195px\" \/><\/p>\n<p style=\"text-align: center;\"><strong>ZEN<\/strong><strong>\u00a0<\/strong><strong>via conex\u2122 <\/strong>is an <strong>international customs collaboration platform<\/strong> for exchanging, centralising, tracking and archiving all the information required for the customs process. It records the documents, data and messages related to your <strong>imports\/exports<\/strong>, from their pre-declaration phase to their archival storage.<\/p>\n<p style=\"text-align: justify;\"><a href=\"https:\/\/www.conex.net\/fr\/wp-content\/uploads\/sites\/2\/2021\/06\/ZENviaconexFRenleaflet.pdf\" target=\"_blank\" rel=\"noopener\"><img loading=\"lazy\" decoding=\"async\" class=\"aligncenter wp-image-2856 size-full\" src=\"https:\/\/www.conex.net\/fr\/wp-content\/uploads\/sites\/2\/2019\/12\/readmore-zen.jpg\" alt=\"ZEN via conex\u2122\" width=\"149\" height=\"66\" \/><\/a><\/p>\n<\/div>\n<\/div><\/div><\/div><\/div><\/div><\/div>","protected":false},"excerpt":{"rendered":"<p>WHO Operators in charge of entering data from documents needed for customs declarations. WHAT Identify, digitalise, analyse, format and integrate document data in the customs via conex\u2122 solution HOW Based on AI technology, OCR via conex\u2122 is a solution which has been integrated into the via conex\u2122 software suite<\/p>\n","protected":false},"author":1,"featured_media":0,"parent":0,"menu_order":0,"comment_status":"closed","ping_status":"closed","template":"","meta":{"footnotes":""},"class_list":["post-8367","page","type-page","status-publish","hentry"],"yoast_head":"<!-- This site is optimized with the Yoast SEO plugin v27.4 - https:\/\/yoast.com\/product\/yoast-seo-wordpress\/ -->\n<title>DOCUMENT DIGITALISATION - Conex France<\/title>\n<meta name=\"robots\" content=\"index, follow, max-snippet:-1, max-image-preview:large, max-video-preview:-1\" \/>\n<link rel=\"canonical\" href=\"https:\/\/www.conex.net\/fr\/en\/document-digitalisation\/\" \/>\n<meta property=\"og:locale\" content=\"fr_FR\" \/>\n<meta property=\"og:type\" content=\"article\" \/>\n<meta property=\"og:title\" content=\"DOCUMENT DIGITALISATION - Conex France\" \/>\n<meta property=\"og:description\" content=\"WHO Operators in charge of entering data from documents needed for customs declarations. WHAT Identify, digitalise, analyse, format and integrate document data in the customs via conex\u2122 solution HOW Based on AI technology, OCR via conex\u2122 is a solution which has been integrated into the via conex\u2122 software suite\" \/>\n<meta property=\"og:url\" content=\"https:\/\/www.conex.net\/fr\/en\/document-digitalisation\/\" \/>\n<meta property=\"og:site_name\" content=\"Conex France\" \/>\n<meta property=\"article:modified_time\" content=\"2024-02-01T13:31:12+00:00\" \/>\n<meta property=\"og:image\" content=\"https:\/\/www.conex.net\/fr\/wp-content\/uploads\/sites\/2\/2022\/12\/ocr-conex-1.png\" \/>\n<meta name=\"twitter:card\" content=\"summary_large_image\" \/>\n<meta name=\"twitter:label1\" content=\"Dur\u00e9e de lecture estim\u00e9e\" \/>\n\t<meta name=\"twitter:data1\" content=\"4 minutes\" \/>\n<script type=\"application\/ld+json\" class=\"yoast-schema-graph\">{\"@context\":\"https:\\\/\\\/schema.org\",\"@graph\":[{\"@type\":\"WebPage\",\"@id\":\"https:\\\/\\\/www.conex.net\\\/fr\\\/en\\\/document-digitalisation\\\/\",\"url\":\"https:\\\/\\\/www.conex.net\\\/fr\\\/en\\\/document-digitalisation\\\/\",\"name\":\"DOCUMENT DIGITALISATION - Conex France\",\"isPartOf\":{\"@id\":\"https:\\\/\\\/www.conex.net\\\/fr\\\/#website\"},\"primaryImageOfPage\":{\"@id\":\"https:\\\/\\\/www.conex.net\\\/fr\\\/en\\\/document-digitalisation\\\/#primaryimage\"},\"image\":{\"@id\":\"https:\\\/\\\/www.conex.net\\\/fr\\\/en\\\/document-digitalisation\\\/#primaryimage\"},\"thumbnailUrl\":\"https:\\\/\\\/www.conex.net\\\/fr\\\/wp-content\\\/uploads\\\/sites\\\/2\\\/2022\\\/12\\\/ocr-conex-1.png\",\"datePublished\":\"2022-12-09T10:45:50+00:00\",\"dateModified\":\"2024-02-01T13:31:12+00:00\",\"breadcrumb\":{\"@id\":\"https:\\\/\\\/www.conex.net\\\/fr\\\/en\\\/document-digitalisation\\\/#breadcrumb\"},\"inLanguage\":\"fr-FR\",\"potentialAction\":[{\"@type\":\"ReadAction\",\"target\":[\"https:\\\/\\\/www.conex.net\\\/fr\\\/en\\\/document-digitalisation\\\/\"]}]},{\"@type\":\"ImageObject\",\"inLanguage\":\"fr-FR\",\"@id\":\"https:\\\/\\\/www.conex.net\\\/fr\\\/en\\\/document-digitalisation\\\/#primaryimage\",\"url\":\"https:\\\/\\\/www.conex.net\\\/fr\\\/wp-content\\\/uploads\\\/sites\\\/2\\\/2022\\\/12\\\/ocr-conex-1.png\",\"contentUrl\":\"https:\\\/\\\/www.conex.net\\\/fr\\\/wp-content\\\/uploads\\\/sites\\\/2\\\/2022\\\/12\\\/ocr-conex-1.png\",\"width\":120,\"height\":120,\"caption\":\"Nouveau module int\u00e9gr\u00e9 : OCR via conex\u2122 La puissance de l\u2019intelligence artificielle dans la digitalisation de vos documents\"},{\"@type\":\"BreadcrumbList\",\"@id\":\"https:\\\/\\\/www.conex.net\\\/fr\\\/en\\\/document-digitalisation\\\/#breadcrumb\",\"itemListElement\":[{\"@type\":\"ListItem\",\"position\":1,\"name\":\"Accueil\",\"item\":\"https:\\\/\\\/www.conex.net\\\/fr\\\/\"},{\"@type\":\"ListItem\",\"position\":2,\"name\":\"DOCUMENT DIGITALISATION\"}]},{\"@type\":\"WebSite\",\"@id\":\"https:\\\/\\\/www.conex.net\\\/fr\\\/#website\",\"url\":\"https:\\\/\\\/www.conex.net\\\/fr\\\/\",\"name\":\"Conex France\",\"description\":\"Your customs partner - CONEX FRANCE\",\"publisher\":{\"@id\":\"https:\\\/\\\/www.conex.net\\\/fr\\\/#organization\"},\"potentialAction\":[{\"@type\":\"SearchAction\",\"target\":{\"@type\":\"EntryPoint\",\"urlTemplate\":\"https:\\\/\\\/www.conex.net\\\/fr\\\/?s={search_term_string}\"},\"query-input\":{\"@type\":\"PropertyValueSpecification\",\"valueRequired\":true,\"valueName\":\"search_term_string\"}}],\"inLanguage\":\"fr-FR\"},{\"@type\":\"Organization\",\"@id\":\"https:\\\/\\\/www.conex.net\\\/fr\\\/#organization\",\"name\":\"CONEX SAS\",\"url\":\"https:\\\/\\\/www.conex.net\\\/fr\\\/\",\"logo\":{\"@type\":\"ImageObject\",\"inLanguage\":\"fr-FR\",\"@id\":\"https:\\\/\\\/www.conex.net\\\/fr\\\/#\\\/schema\\\/logo\\\/image\\\/\",\"url\":\"https:\\\/\\\/www.conex.net\\\/fr\\\/wp-content\\\/uploads\\\/sites\\\/2\\\/2018\\\/10\\\/logo-conex.png\",\"contentUrl\":\"https:\\\/\\\/www.conex.net\\\/fr\\\/wp-content\\\/uploads\\\/sites\\\/2\\\/2018\\\/10\\\/logo-conex.png\",\"width\":138,\"height\":49,\"caption\":\"CONEX SAS\"},\"image\":{\"@id\":\"https:\\\/\\\/www.conex.net\\\/fr\\\/#\\\/schema\\\/logo\\\/image\\\/\"}}]}<\/script>\n<!-- \/ Yoast SEO plugin. -->","yoast_head_json":{"title":"DOCUMENT DIGITALISATION - Conex France","robots":{"index":"index","follow":"follow","max-snippet":"max-snippet:-1","max-image-preview":"max-image-preview:large","max-video-preview":"max-video-preview:-1"},"canonical":"https:\/\/www.conex.net\/fr\/en\/document-digitalisation\/","og_locale":"fr_FR","og_type":"article","og_title":"DOCUMENT DIGITALISATION - Conex France","og_description":"WHO Operators in charge of entering data from documents needed for customs declarations. WHAT Identify, digitalise, analyse, format and integrate document data in the customs via conex\u2122 solution HOW Based on AI technology, OCR via conex\u2122 is a solution which has been integrated into the via conex\u2122 software suite","og_url":"https:\/\/www.conex.net\/fr\/en\/document-digitalisation\/","og_site_name":"Conex France","article_modified_time":"2024-02-01T13:31:12+00:00","og_image":[{"url":"https:\/\/www.conex.net\/fr\/wp-content\/uploads\/sites\/2\/2022\/12\/ocr-conex-1.png","type":"","width":"","height":""}],"twitter_card":"summary_large_image","twitter_misc":{"Dur\u00e9e de lecture estim\u00e9e":"4 minutes"},"schema":{"@context":"https:\/\/schema.org","@graph":[{"@type":"WebPage","@id":"https:\/\/www.conex.net\/fr\/en\/document-digitalisation\/","url":"https:\/\/www.conex.net\/fr\/en\/document-digitalisation\/","name":"DOCUMENT DIGITALISATION - Conex France","isPartOf":{"@id":"https:\/\/www.conex.net\/fr\/#website"},"primaryImageOfPage":{"@id":"https:\/\/www.conex.net\/fr\/en\/document-digitalisation\/#primaryimage"},"image":{"@id":"https:\/\/www.conex.net\/fr\/en\/document-digitalisation\/#primaryimage"},"thumbnailUrl":"https:\/\/www.conex.net\/fr\/wp-content\/uploads\/sites\/2\/2022\/12\/ocr-conex-1.png","datePublished":"2022-12-09T10:45:50+00:00","dateModified":"2024-02-01T13:31:12+00:00","breadcrumb":{"@id":"https:\/\/www.conex.net\/fr\/en\/document-digitalisation\/#breadcrumb"},"inLanguage":"fr-FR","potentialAction":[{"@type":"ReadAction","target":["https:\/\/www.conex.net\/fr\/en\/document-digitalisation\/"]}]},{"@type":"ImageObject","inLanguage":"fr-FR","@id":"https:\/\/www.conex.net\/fr\/en\/document-digitalisation\/#primaryimage","url":"https:\/\/www.conex.net\/fr\/wp-content\/uploads\/sites\/2\/2022\/12\/ocr-conex-1.png","contentUrl":"https:\/\/www.conex.net\/fr\/wp-content\/uploads\/sites\/2\/2022\/12\/ocr-conex-1.png","width":120,"height":120,"caption":"Nouveau module int\u00e9gr\u00e9 : OCR via conex\u2122 La puissance de l\u2019intelligence artificielle dans la digitalisation de vos documents"},{"@type":"BreadcrumbList","@id":"https:\/\/www.conex.net\/fr\/en\/document-digitalisation\/#breadcrumb","itemListElement":[{"@type":"ListItem","position":1,"name":"Accueil","item":"https:\/\/www.conex.net\/fr\/"},{"@type":"ListItem","position":2,"name":"DOCUMENT DIGITALISATION"}]},{"@type":"WebSite","@id":"https:\/\/www.conex.net\/fr\/#website","url":"https:\/\/www.conex.net\/fr\/","name":"Conex France","description":"Your customs partner - CONEX FRANCE","publisher":{"@id":"https:\/\/www.conex.net\/fr\/#organization"},"potentialAction":[{"@type":"SearchAction","target":{"@type":"EntryPoint","urlTemplate":"https:\/\/www.conex.net\/fr\/?s={search_term_string}"},"query-input":{"@type":"PropertyValueSpecification","valueRequired":true,"valueName":"search_term_string"}}],"inLanguage":"fr-FR"},{"@type":"Organization","@id":"https:\/\/www.conex.net\/fr\/#organization","name":"CONEX SAS","url":"https:\/\/www.conex.net\/fr\/","logo":{"@type":"ImageObject","inLanguage":"fr-FR","@id":"https:\/\/www.conex.net\/fr\/#\/schema\/logo\/image\/","url":"https:\/\/www.conex.net\/fr\/wp-content\/uploads\/sites\/2\/2018\/10\/logo-conex.png","contentUrl":"https:\/\/www.conex.net\/fr\/wp-content\/uploads\/sites\/2\/2018\/10\/logo-conex.png","width":138,"height":49,"caption":"CONEX SAS"},"image":{"@id":"https:\/\/www.conex.net\/fr\/#\/schema\/logo\/image\/"}}]}},"_links":{"self":[{"href":"https:\/\/www.conex.net\/fr\/wp-json\/wp\/v2\/pages\/8367","targetHints":{"allow":["GET"]}}],"collection":[{"href":"https:\/\/www.conex.net\/fr\/wp-json\/wp\/v2\/pages"}],"about":[{"href":"https:\/\/www.conex.net\/fr\/wp-json\/wp\/v2\/types\/page"}],"author":[{"embeddable":true,"href":"https:\/\/www.conex.net\/fr\/wp-json\/wp\/v2\/users\/1"}],"replies":[{"embeddable":true,"href":"https:\/\/www.conex.net\/fr\/wp-json\/wp\/v2\/comments?post=8367"}],"version-history":[{"count":15,"href":"https:\/\/www.conex.net\/fr\/wp-json\/wp\/v2\/pages\/8367\/revisions"}],"predecessor-version":[{"id":9730,"href":"https:\/\/www.conex.net\/fr\/wp-json\/wp\/v2\/pages\/8367\/revisions\/9730"}],"wp:attachment":[{"href":"https:\/\/www.conex.net\/fr\/wp-json\/wp\/v2\/media?parent=8367"}],"curies":[{"name":"wp","href":"https:\/\/api.w.org\/{rel}","templated":true}]}}