{"id":9321,"date":"2023-03-14T10:11:32","date_gmt":"2023-03-14T09:11:32","guid":{"rendered":"https:\/\/www.conex.net\/fr\/?page_id=9321"},"modified":"2025-11-05T17:45:30","modified_gmt":"2025-11-05T16:45:30","slug":"contact-conex-2","status":"publish","type":"page","link":"https:\/\/www.conex.net\/fr\/en\/contact-conex-2\/","title":{"rendered":"Contact"},"content":{"rendered":"<div id=\"pl-9321\"  class=\"panel-layout\" ><div id=\"pg-9321-0\"  class=\"panel-grid panel-no-style\" ><div id=\"pgc-9321-0-0\"  class=\"panel-grid-cell\" ><div id=\"panel-9321-0-0-0\" class=\"so-panel widget widget_sow-editor panel-first-child\" data-index=\"0\" ><div\n\t\t\t\n\t\t\tclass=\"so-widget-sow-editor so-widget-sow-editor-base\"\n\t\t\t\n\t\t>\n<div class=\"siteorigin-widget-tinymce textwidget\">\n\t<h3 style=\"text-align: center;\"><span style=\"color: #b00000;\">Comment pouvons-nous vous aider\u00a0?<\/span><\/h3>\n<h4 style=\"text-align: center;\"><strong>Pour toute demande commerciale,<\/strong><br \/>\nlaissez nous votre message, il sera trait\u00e9 dans les meilleurs d\u00e9lais.<\/h4>\n<\/div>\n<\/div><\/div><div id=\"panel-9321-0-0-1\" class=\"so-panel widget widget_sow-contact-form panel-last-child\" data-index=\"1\" ><div\n\t\t\t\n\t\t\tclass=\"so-widget-sow-contact-form so-widget-sow-contact-form-default-520fe1e32934-9321\"\n\t\t\t\n\t\t>\t<form\n\t\taction=\"\/fr\/wp-json\/wp\/v2\/pages\/9321\"\n\t\tmethod=\"POST\"\n\t\tclass=\"sow-contact-form\"\n\t\tid=\"contact-form-0790\"\n\t>\n\n\t\t\n\t\t\t\t\t<div class=\"sow-form-field sow-form-field-text\">\n\t\t\t\t<label class=\"sow-form-field-label-above\" for=\"sow-contact-form-field-societe-1\">\n\t\t\t\t<strong>\n\t\t\t\t\tSoci\u00e9t\u00e9\t\t\t\t\t\t\t\t\t<\/strong>\n\t\t\t<\/label>\n\t\t\t\t\t\t\t<div class=\"sow-field-container\">\n\t\t\t\t\t\t\t<input\n\t\t\ttype=\"text\"\n\t\t\tname=\"societe-1\"\n\t\t\tid=\"sow-contact-form-field-societe-1\"\n\t\t\tvalue=\"\"\n\t\t\tclass=\"sow-text-field\"\t\t\t\t\t\t\t\t\/>\n\t\t\t\t\t\t<\/div>\n\t\t\t\t\t\t\t<\/div>\n\t\t\t\t\t\t<div class=\"sow-form-field sow-form-field-text\">\n\t\t\t\t<label class=\"sow-form-field-label-above\" for=\"sow-contact-form-field-nom-1\">\n\t\t\t\t<strong>\n\t\t\t\t\tNom\t\t\t\t\t\t\t\t\t<\/strong>\n\t\t\t<\/label>\n\t\t\t\t\t\t\t<div class=\"sow-field-container\">\n\t\t\t\t\t\t\t<input\n\t\t\ttype=\"text\"\n\t\t\tname=\"nom-1\"\n\t\t\tid=\"sow-contact-form-field-nom-1\"\n\t\t\tvalue=\"\"\n\t\t\tclass=\"sow-text-field\"\t\t\t\t\t\t\t\t\/>\n\t\t\t\t\t\t<\/div>\n\t\t\t\t\t\t\t<\/div>\n\t\t\t\t\t\t<div class=\"sow-form-field sow-form-field-text\">\n\t\t\t\t<label class=\"sow-form-field-label-above\" for=\"sow-contact-form-field-prenom-1\">\n\t\t\t\t<strong>\n\t\t\t\t\tPr\u00e9nom\t\t\t\t\t\t\t\t\t<\/strong>\n\t\t\t<\/label>\n\t\t\t\t\t\t\t<div class=\"sow-field-container\">\n\t\t\t\t\t\t\t<input\n\t\t\ttype=\"text\"\n\t\t\tname=\"prenom-1\"\n\t\t\tid=\"sow-contact-form-field-prenom-1\"\n\t\t\tvalue=\"\"\n\t\t\tclass=\"sow-text-field\"\t\t\t\t\t\t\t\t\/>\n\t\t\t\t\t\t<\/div>\n\t\t\t\t\t\t\t<\/div>\n\t\t\t\t\t\t<div class=\"sow-form-field sow-form-field-text\">\n\t\t\t\t<label class=\"sow-form-field-label-above\" for=\"sow-contact-form-field-telephone-1\">\n\t\t\t\t<strong>\n\t\t\t\t\tT\u00e9l\u00e9phone\t\t\t\t\t\t\t\t\t<\/strong>\n\t\t\t<\/label>\n\t\t\t\t\t\t\t<div class=\"sow-field-container\">\n\t\t\t\t\t\t\t<input\n\t\t\ttype=\"text\"\n\t\t\tname=\"telephone-1\"\n\t\t\tid=\"sow-contact-form-field-telephone-1\"\n\t\t\tvalue=\"\"\n\t\t\tclass=\"sow-text-field\"\t\t\t\t\t\t\t\t\/>\n\t\t\t\t\t\t<\/div>\n\t\t\t\t\t\t\t<\/div>\n\t\t\t\t\t\t<div class=\"sow-form-field sow-form-field-email\">\n\t\t\t\t<label class=\"sow-form-field-label-above\" for=\"sow-contact-form-field-e-mail-1\">\n\t\t\t\t<strong>\n\t\t\t\t\tE-mail\t\t\t\t\t\t\t\t\t<\/strong>\n\t\t\t<\/label>\n\t\t\t\t\t\t\t<div class=\"sow-field-container\">\n\t\t\t\t\t\t\t<input\n\t\t\ttype=\"email\"\n\t\t\tname=\"e-mail-1\"\n\t\t\tid=\"sow-contact-form-field-e-mail-1\"\n\t\t\tvalue=\"\"\n\t\t\tclass=\"sow-text-field\"\t\t\t\t\t\t\t\t\/>\n\t\t\t\t\t\t<\/div>\n\t\t\t\t\t\t\t<\/div>\n\t\t\t\t\t\t<div class=\"sow-form-field sow-form-field-text\">\n\t\t\t\t<label class=\"sow-form-field-label-above\" for=\"sow-contact-form-field-sujet-1\">\n\t\t\t\t<strong>\n\t\t\t\t\tSujet\t\t\t\t\t\t\t\t\t<\/strong>\n\t\t\t<\/label>\n\t\t\t\t\t\t\t<div class=\"sow-field-container\">\n\t\t\t\t\t\t\t<input\n\t\t\ttype=\"text\"\n\t\t\tname=\"sujet-1\"\n\t\t\tid=\"sow-contact-form-field-sujet-1\"\n\t\t\tvalue=\"\"\n\t\t\tclass=\"sow-text-field\"\t\t\t\t\t\t\t\t\/>\n\t\t\t\t\t\t<\/div>\n\t\t\t\t\t\t\t<\/div>\n\t\t\t\t\t\t<div class=\"sow-form-field sow-form-field-textarea\">\n\t\t\t\t<label class=\"sow-form-field-label-above\" for=\"sow-contact-form-field-message-1\">\n\t\t\t\t<strong>\n\t\t\t\t\tMessage\t\t\t\t\t\t\t\t\t<\/strong>\n\t\t\t<\/label>\n\t\t\t\t\t\t\t<div class=\"sow-field-container\">\n\t\t\t\t\t\t\t<textarea\n\t\t\tname=\"message-1\"\n\t\t\tid=\"sow-contact-form-field-message-1\"\n\t\t\trows=\"10\"\n\t\t\t\t\t\t\t\t><\/textarea>\n\t\t\t\t\t\t<\/div>\n\t\t\t\t\t\t\t<\/div>\n\t\t\t\t\t\t<div class=\"sow-form-field sow-form-field-checkboxes\">\n\t\t\t\t\t\t\t\t<div class=\"sow-field-container\">\n\t\t\t\t\t\t\t\t<ul>\n\t\t\t\t\t\t\t\t\t\t\t\t\t\t<li>\n\t\t\t\t\t\t<input\n\t\t\t\t\t\t\ttype=\"checkbox\"\n\t\t\t\t\t\t\tvalue=\"En soumettant ce formulaire j&#039;accepte que les informations saisies soient exploit\u00e9es dans le cadre de la demande de contact et de la relation commerciale qui peut en d\u00e9couler.\"\n\t\t\t\t\t\t\tname=\"7-1[]\"\n\t\t\t\t\t\t\tid=\"sow-contact-form-field-7-1-0\"\n\t\t\t\t\t\t\t\t\t\t\t\t\t\t\t\t\t\t\t\t\/>\n\t\t\t\t\t\t<label for=\"sow-contact-form-field-7-1-0\">\n\t\t\t\t\t\t\tEn soumettant ce formulaire j'accepte que les informations saisies soient exploit\u00e9es dans le cadre de la demande de contact et de la relation commerciale qui peut en d\u00e9couler.\t\t\t\t\t\t<\/label>\n\t\t\t\t\t<\/li>\n\t\t\t\t\t\t\t<\/ul>\n\t\t\t\t\t\t<\/div>\n\t\t\t\t\t\t\t<\/div>\n\t\t\t\t\t\t<input\n\t\t\t\ttype=\"text\"\n\t\t\t\tname=\"sow-name\"\n\t\t\t\tclass=\"sow-text-field\"\n\t\t\t\tstyle=\"display: none !important; visibility: hidden !important;\"\n\t\t\t\tautocomplete=\"off\"\n\t\t\t\taria-hidden=\"true\"\n\t\t\t>\n\t\t\n\t\t\t\t\t<div class=\"sow-recaptcha\"\n\t\t\t\t\t\t\t\t\tdata-config=\"{&quot;sitekey&quot;:&quot;6LeqPP0kAAAAACVgPx9H1dYyYmLMXFbajA5UDg3q&quot;,&quot;theme&quot;:&quot;light&quot;,&quot;type&quot;:&quot;image&quot;,&quot;size&quot;:&quot;normal&quot;}\"\n\t\t\t\t\t\t\t><\/div>\n\t\t\t\n\t\t<div class=\"sow-submit-wrapper \n\t\tsow-submit-styled\t\t\">\n\n\t\t\t<button\n\t\t\t\ttype=\"submit\"\n\t\t\t\tclass=\"sow-submit\n\t\t\t\t\t\t\t\t\"\n\t\t\t\t\t\t\t>\n\t\t\t\tContactez-nous\t\t\t<\/button>\n\t\t<\/div>\n\t\t\t\t<input\n\t\t\ttype=\"hidden\"\n\t\t\tname=\"instance_hash-1\"\n\t\t\tvalue=\"0790e226\"\n\t\t\/>\n\n\t\t<input type=\"hidden\" id=\"_wpnonce\" name=\"_wpnonce\" value=\"d8acef1dd3\" \/><input type=\"hidden\" name=\"_wp_http_referer\" value=\"\/fr\/wp-json\/wp\/v2\/pages\/9321\" \/>\t<\/form>\n\t<\/div><\/div><\/div><div id=\"pgc-9321-0-1\"  class=\"panel-grid-cell\" ><div id=\"panel-9321-0-1-0\" class=\"so-panel widget widget_sow-editor panel-first-child panel-last-child\" data-index=\"2\" ><div\n\t\t\t\n\t\t\tclass=\"so-widget-sow-editor so-widget-sow-editor-base\"\n\t\t\t\n\t\t>\n<div class=\"siteorigin-widget-tinymce textwidget\">\n\t<h5><span class=\"ui-provider bgi bgj c d e f g h i j k l m n o p q r s t bgk bgl w x y z ab ac ae af ag ah ai aj ak\" dir=\"ltr\"><strong>Pour toute demande d'ASSISTANCE,<\/strong><br \/>\n<span style=\"color: #333333;\">c'est par <strong><a style=\"color: #333333;\" href=\"https:\/\/helpdesk.conex.net\/login\" target=\"_blank\" rel=\"noopener\">ICI<\/a> <\/strong>!<br \/>\n<\/span><\/span><a href=\"https:\/\/helpdesk.conex.net\/login\" target=\"_blank\" rel=\"noopener\"><img loading=\"lazy\" decoding=\"async\" class=\"alignleft size-full wp-image-9621\" src=\"https:\/\/www.conex.net\/fr\/wp-content\/uploads\/sites\/2\/2023\/07\/Support-conex.jpg\" alt=\"\" width=\"316\" height=\"197\" srcset=\"https:\/\/www.conex.net\/fr\/wp-content\/uploads\/sites\/2\/2023\/07\/Support-conex.jpg 316w, https:\/\/www.conex.net\/fr\/wp-content\/uploads\/sites\/2\/2023\/07\/Support-conex-300x187.jpg 300w\" sizes=\"auto, (max-width: 316px) 100vw, 316px\" \/><\/a><\/h5>\n<p>&nbsp;<\/p>\n<p>&nbsp;<\/p>\n<p>&nbsp;<\/p>\n<p>&nbsp;<\/p>\n<p>&nbsp;<\/p>\n<p>&nbsp;<\/p>\n<h5 style=\"text-align: left;\"><strong><span style=\"color: #333333;\">NOUVEAUT\u00c9, OCR via conex\u2122<br \/>\n<\/span><\/strong><span style=\"color: #333333;\">La digitalisation de vos documents gr\u00e2ce \u00e0 l'IA<br \/>\n<\/span><a href=\"https:\/\/www.conex.net\/fr\/digitalisation-des-documents\/\"><img loading=\"lazy\" decoding=\"async\" class=\"alignleft size-full wp-image-8479\" src=\"https:\/\/www.conex.net\/fr\/wp-content\/uploads\/sites\/2\/2022\/12\/OCR-tauxdechange.jpg\" alt=\"DOUANE IA\" width=\"316\" height=\"197\" srcset=\"https:\/\/www.conex.net\/fr\/wp-content\/uploads\/sites\/2\/2022\/12\/OCR-tauxdechange.jpg 316w, https:\/\/www.conex.net\/fr\/wp-content\/uploads\/sites\/2\/2022\/12\/OCR-tauxdechange-300x187.jpg 300w\" sizes=\"auto, (max-width: 316px) 100vw, 316px\" \/><\/a><\/h5>\n<h4><\/h4>\n<h4><\/h4>\n<h4><\/h4>\n<h4><\/h4>\n<h4><\/h4>\n<h5><\/h5>\n<h5 style=\"text-align: left;\"><strong><span style=\"color: #333333;\">NOUVEAUT\u00c9, ZEN via conex\u2122<br \/>\n<\/span><\/strong><span style=\"color: #333333;\">D\u00e9couvrez notre plateforme collaborative<br \/>\n<\/span><a href=\"https:\/\/www.conex.net\/fr\/plateforme-collaborative\/\"><img loading=\"lazy\" decoding=\"async\" class=\"alignleft size-full wp-image-8480\" src=\"https:\/\/www.conex.net\/fr\/wp-content\/uploads\/sites\/2\/2022\/12\/zen-tauxdechange.jpg\" alt=\"plateforme collaborative zen via conex\" width=\"316\" height=\"197\" srcset=\"https:\/\/www.conex.net\/fr\/wp-content\/uploads\/sites\/2\/2022\/12\/zen-tauxdechange.jpg 316w, https:\/\/www.conex.net\/fr\/wp-content\/uploads\/sites\/2\/2022\/12\/zen-tauxdechange-300x187.jpg 300w\" sizes=\"auto, (max-width: 316px) 100vw, 316px\" \/><\/a><\/h5>\n<p>&nbsp;<\/p>\n<h4><\/h4>\n<h4><\/h4>\n<h4><\/h4>\n<h4><\/h4>\n<h5><\/h5>\n<h5 style=\"text-align: left;\"><strong><span style=\"color: #333333;\">R\u00c9GLEMENTATION DOUANI\u00c8RE<br \/>\n<\/span><\/strong><span style=\"color: #333333;\">D\u00e9couvrez l'aide au classement tarifaire avec<\/span><br \/>\n<span style=\"color: #333333;\">l'Encyclop\u00e9die Douani\u00e8re via conex\u2122<br \/>\n<\/span><a href=\"https:\/\/www.conex.net\/fr\/classement-tarifaire-encyclopedie-douaniere\/\"><img loading=\"lazy\" decoding=\"async\" class=\"alignleft size-full wp-image-8478\" src=\"https:\/\/www.conex.net\/fr\/wp-content\/uploads\/sites\/2\/2022\/12\/Encyclo-tauxdechange.jpg\" alt=\"\" width=\"316\" height=\"197\" srcset=\"https:\/\/www.conex.net\/fr\/wp-content\/uploads\/sites\/2\/2022\/12\/Encyclo-tauxdechange.jpg 316w, https:\/\/www.conex.net\/fr\/wp-content\/uploads\/sites\/2\/2022\/12\/Encyclo-tauxdechange-300x187.jpg 300w\" sizes=\"auto, (max-width: 316px) 100vw, 316px\" \/><\/a><\/h5>\n<p>&nbsp;<\/p>\n<\/div>\n<\/div><\/div><\/div><\/div><\/div>","protected":false},"excerpt":{"rendered":"<p>Comment pouvons-nous vous aider\u00a0? Pour toute demande commerciale, laissez nous votre message, il sera trait\u00e9 dans les meilleurs d\u00e9lais. Pour toute demande d&rsquo;ASSISTANCE, c&rsquo;est par ICI ! &nbsp; &nbsp; &nbsp; &nbsp; &nbsp; &nbsp; NOUVEAUT\u00c9, OCR via conex\u2122 La digitalisation de vos documents gr\u00e2ce \u00e0 l&rsquo;IA NOUVEAUT\u00c9, ZEN via conex\u2122 D\u00e9couvrez notre plateforme collaborative &nbsp; R\u00c9GLEMENTATION DOUANI\u00c8RE D\u00e9couvrez l&rsquo;aide au classement tarifaire avec l&rsquo;Encyclop\u00e9die Douani\u00e8re via conex\u2122 &nbsp;<\/p>\n","protected":false},"author":1,"featured_media":0,"parent":0,"menu_order":0,"comment_status":"closed","ping_status":"closed","template":"","meta":{"footnotes":""},"class_list":["post-9321","page","type-page","status-publish","hentry"],"yoast_head":"<!-- This site is optimized with the Yoast SEO plugin v27.4 - https:\/\/yoast.com\/product\/yoast-seo-wordpress\/ -->\n<title>Contact - Conex France<\/title>\n<meta name=\"robots\" content=\"index, follow, max-snippet:-1, max-image-preview:large, max-video-preview:-1\" \/>\n<link rel=\"canonical\" href=\"https:\/\/www.conex.net\/fr\/en\/contact-conex-2\/\" \/>\n<meta property=\"og:locale\" content=\"fr_FR\" \/>\n<meta property=\"og:type\" content=\"article\" \/>\n<meta property=\"og:title\" content=\"Contact - Conex France\" \/>\n<meta property=\"og:description\" content=\"Comment pouvons-nous vous aider\u00a0? Pour toute demande commerciale, laissez nous votre message, il sera trait\u00e9 dans les meilleurs d\u00e9lais. Pour toute demande d&#039;ASSISTANCE, c&#039;est par ICI ! &nbsp; &nbsp; &nbsp; &nbsp; &nbsp; &nbsp; NOUVEAUT\u00c9, OCR via conex\u2122 La digitalisation de vos documents gr\u00e2ce \u00e0 l&#039;IA NOUVEAUT\u00c9, ZEN via conex\u2122 D\u00e9couvrez notre plateforme collaborative &nbsp; R\u00c9GLEMENTATION DOUANI\u00c8RE D\u00e9couvrez l&#039;aide au classement tarifaire avec l&#039;Encyclop\u00e9die Douani\u00e8re via conex\u2122 &nbsp;\" \/>\n<meta property=\"og:url\" content=\"https:\/\/www.conex.net\/fr\/en\/contact-conex-2\/\" \/>\n<meta property=\"og:site_name\" content=\"Conex France\" \/>\n<meta property=\"article:modified_time\" content=\"2025-11-05T16:45:30+00:00\" \/>\n<meta property=\"og:image\" content=\"https:\/\/www.conex.net\/fr\/wp-content\/uploads\/sites\/2\/2023\/07\/Support-conex.jpg\" \/>\n\t<meta property=\"og:image:width\" content=\"316\" \/>\n\t<meta property=\"og:image:height\" content=\"197\" \/>\n\t<meta property=\"og:image:type\" content=\"image\/jpeg\" \/>\n<meta name=\"twitter:card\" content=\"summary_large_image\" \/>\n<meta name=\"twitter:label1\" content=\"Dur\u00e9e de lecture estim\u00e9e\" \/>\n\t<meta name=\"twitter:data1\" content=\"2 minutes\" \/>\n<script type=\"application\/ld+json\" class=\"yoast-schema-graph\">{\"@context\":\"https:\\\/\\\/schema.org\",\"@graph\":[{\"@type\":\"WebPage\",\"@id\":\"https:\\\/\\\/www.conex.net\\\/fr\\\/en\\\/contact-conex-2\\\/\",\"url\":\"https:\\\/\\\/www.conex.net\\\/fr\\\/en\\\/contact-conex-2\\\/\",\"name\":\"Contact - Conex France\",\"isPartOf\":{\"@id\":\"https:\\\/\\\/www.conex.net\\\/fr\\\/#website\"},\"primaryImageOfPage\":{\"@id\":\"https:\\\/\\\/www.conex.net\\\/fr\\\/en\\\/contact-conex-2\\\/#primaryimage\"},\"image\":{\"@id\":\"https:\\\/\\\/www.conex.net\\\/fr\\\/en\\\/contact-conex-2\\\/#primaryimage\"},\"thumbnailUrl\":\"https:\\\/\\\/www.conex.net\\\/fr\\\/wp-content\\\/uploads\\\/sites\\\/2\\\/2023\\\/07\\\/Support-conex.jpg\",\"datePublished\":\"2023-03-14T09:11:32+00:00\",\"dateModified\":\"2025-11-05T16:45:30+00:00\",\"breadcrumb\":{\"@id\":\"https:\\\/\\\/www.conex.net\\\/fr\\\/en\\\/contact-conex-2\\\/#breadcrumb\"},\"inLanguage\":\"fr-FR\",\"potentialAction\":[{\"@type\":\"ReadAction\",\"target\":[\"https:\\\/\\\/www.conex.net\\\/fr\\\/en\\\/contact-conex-2\\\/\"]}]},{\"@type\":\"ImageObject\",\"inLanguage\":\"fr-FR\",\"@id\":\"https:\\\/\\\/www.conex.net\\\/fr\\\/en\\\/contact-conex-2\\\/#primaryimage\",\"url\":\"https:\\\/\\\/www.conex.net\\\/fr\\\/wp-content\\\/uploads\\\/sites\\\/2\\\/2023\\\/07\\\/Support-conex.jpg\",\"contentUrl\":\"https:\\\/\\\/www.conex.net\\\/fr\\\/wp-content\\\/uploads\\\/sites\\\/2\\\/2023\\\/07\\\/Support-conex.jpg\",\"width\":316,\"height\":197},{\"@type\":\"BreadcrumbList\",\"@id\":\"https:\\\/\\\/www.conex.net\\\/fr\\\/en\\\/contact-conex-2\\\/#breadcrumb\",\"itemListElement\":[{\"@type\":\"ListItem\",\"position\":1,\"name\":\"Accueil\",\"item\":\"https:\\\/\\\/www.conex.net\\\/fr\\\/\"},{\"@type\":\"ListItem\",\"position\":2,\"name\":\"Contact\"}]},{\"@type\":\"WebSite\",\"@id\":\"https:\\\/\\\/www.conex.net\\\/fr\\\/#website\",\"url\":\"https:\\\/\\\/www.conex.net\\\/fr\\\/\",\"name\":\"Conex France\",\"description\":\"Your customs partner - CONEX FRANCE\",\"publisher\":{\"@id\":\"https:\\\/\\\/www.conex.net\\\/fr\\\/#organization\"},\"potentialAction\":[{\"@type\":\"SearchAction\",\"target\":{\"@type\":\"EntryPoint\",\"urlTemplate\":\"https:\\\/\\\/www.conex.net\\\/fr\\\/?s={search_term_string}\"},\"query-input\":{\"@type\":\"PropertyValueSpecification\",\"valueRequired\":true,\"valueName\":\"search_term_string\"}}],\"inLanguage\":\"fr-FR\"},{\"@type\":\"Organization\",\"@id\":\"https:\\\/\\\/www.conex.net\\\/fr\\\/#organization\",\"name\":\"CONEX SAS\",\"url\":\"https:\\\/\\\/www.conex.net\\\/fr\\\/\",\"logo\":{\"@type\":\"ImageObject\",\"inLanguage\":\"fr-FR\",\"@id\":\"https:\\\/\\\/www.conex.net\\\/fr\\\/#\\\/schema\\\/logo\\\/image\\\/\",\"url\":\"https:\\\/\\\/www.conex.net\\\/fr\\\/wp-content\\\/uploads\\\/sites\\\/2\\\/2018\\\/10\\\/logo-conex.png\",\"contentUrl\":\"https:\\\/\\\/www.conex.net\\\/fr\\\/wp-content\\\/uploads\\\/sites\\\/2\\\/2018\\\/10\\\/logo-conex.png\",\"width\":138,\"height\":49,\"caption\":\"CONEX SAS\"},\"image\":{\"@id\":\"https:\\\/\\\/www.conex.net\\\/fr\\\/#\\\/schema\\\/logo\\\/image\\\/\"}}]}<\/script>\n<!-- \/ Yoast SEO plugin. -->","yoast_head_json":{"title":"Contact - Conex France","robots":{"index":"index","follow":"follow","max-snippet":"max-snippet:-1","max-image-preview":"max-image-preview:large","max-video-preview":"max-video-preview:-1"},"canonical":"https:\/\/www.conex.net\/fr\/en\/contact-conex-2\/","og_locale":"fr_FR","og_type":"article","og_title":"Contact - Conex France","og_description":"Comment pouvons-nous vous aider\u00a0? Pour toute demande commerciale, laissez nous votre message, il sera trait\u00e9 dans les meilleurs d\u00e9lais. Pour toute demande d'ASSISTANCE, c'est par ICI ! &nbsp; &nbsp; &nbsp; &nbsp; &nbsp; &nbsp; NOUVEAUT\u00c9, OCR via conex\u2122 La digitalisation de vos documents gr\u00e2ce \u00e0 l'IA NOUVEAUT\u00c9, ZEN via conex\u2122 D\u00e9couvrez notre plateforme collaborative &nbsp; R\u00c9GLEMENTATION DOUANI\u00c8RE D\u00e9couvrez l'aide au classement tarifaire avec l'Encyclop\u00e9die Douani\u00e8re via conex\u2122 &nbsp;","og_url":"https:\/\/www.conex.net\/fr\/en\/contact-conex-2\/","og_site_name":"Conex France","article_modified_time":"2025-11-05T16:45:30+00:00","og_image":[{"width":316,"height":197,"url":"https:\/\/www.conex.net\/fr\/wp-content\/uploads\/sites\/2\/2023\/07\/Support-conex.jpg","type":"image\/jpeg"}],"twitter_card":"summary_large_image","twitter_misc":{"Dur\u00e9e de lecture estim\u00e9e":"2 minutes"},"schema":{"@context":"https:\/\/schema.org","@graph":[{"@type":"WebPage","@id":"https:\/\/www.conex.net\/fr\/en\/contact-conex-2\/","url":"https:\/\/www.conex.net\/fr\/en\/contact-conex-2\/","name":"Contact - Conex France","isPartOf":{"@id":"https:\/\/www.conex.net\/fr\/#website"},"primaryImageOfPage":{"@id":"https:\/\/www.conex.net\/fr\/en\/contact-conex-2\/#primaryimage"},"image":{"@id":"https:\/\/www.conex.net\/fr\/en\/contact-conex-2\/#primaryimage"},"thumbnailUrl":"https:\/\/www.conex.net\/fr\/wp-content\/uploads\/sites\/2\/2023\/07\/Support-conex.jpg","datePublished":"2023-03-14T09:11:32+00:00","dateModified":"2025-11-05T16:45:30+00:00","breadcrumb":{"@id":"https:\/\/www.conex.net\/fr\/en\/contact-conex-2\/#breadcrumb"},"inLanguage":"fr-FR","potentialAction":[{"@type":"ReadAction","target":["https:\/\/www.conex.net\/fr\/en\/contact-conex-2\/"]}]},{"@type":"ImageObject","inLanguage":"fr-FR","@id":"https:\/\/www.conex.net\/fr\/en\/contact-conex-2\/#primaryimage","url":"https:\/\/www.conex.net\/fr\/wp-content\/uploads\/sites\/2\/2023\/07\/Support-conex.jpg","contentUrl":"https:\/\/www.conex.net\/fr\/wp-content\/uploads\/sites\/2\/2023\/07\/Support-conex.jpg","width":316,"height":197},{"@type":"BreadcrumbList","@id":"https:\/\/www.conex.net\/fr\/en\/contact-conex-2\/#breadcrumb","itemListElement":[{"@type":"ListItem","position":1,"name":"Accueil","item":"https:\/\/www.conex.net\/fr\/"},{"@type":"ListItem","position":2,"name":"Contact"}]},{"@type":"WebSite","@id":"https:\/\/www.conex.net\/fr\/#website","url":"https:\/\/www.conex.net\/fr\/","name":"Conex France","description":"Your customs partner - CONEX FRANCE","publisher":{"@id":"https:\/\/www.conex.net\/fr\/#organization"},"potentialAction":[{"@type":"SearchAction","target":{"@type":"EntryPoint","urlTemplate":"https:\/\/www.conex.net\/fr\/?s={search_term_string}"},"query-input":{"@type":"PropertyValueSpecification","valueRequired":true,"valueName":"search_term_string"}}],"inLanguage":"fr-FR"},{"@type":"Organization","@id":"https:\/\/www.conex.net\/fr\/#organization","name":"CONEX SAS","url":"https:\/\/www.conex.net\/fr\/","logo":{"@type":"ImageObject","inLanguage":"fr-FR","@id":"https:\/\/www.conex.net\/fr\/#\/schema\/logo\/image\/","url":"https:\/\/www.conex.net\/fr\/wp-content\/uploads\/sites\/2\/2018\/10\/logo-conex.png","contentUrl":"https:\/\/www.conex.net\/fr\/wp-content\/uploads\/sites\/2\/2018\/10\/logo-conex.png","width":138,"height":49,"caption":"CONEX SAS"},"image":{"@id":"https:\/\/www.conex.net\/fr\/#\/schema\/logo\/image\/"}}]}},"_links":{"self":[{"href":"https:\/\/www.conex.net\/fr\/wp-json\/wp\/v2\/pages\/9321","targetHints":{"allow":["GET"]}}],"collection":[{"href":"https:\/\/www.conex.net\/fr\/wp-json\/wp\/v2\/pages"}],"about":[{"href":"https:\/\/www.conex.net\/fr\/wp-json\/wp\/v2\/types\/page"}],"author":[{"embeddable":true,"href":"https:\/\/www.conex.net\/fr\/wp-json\/wp\/v2\/users\/1"}],"replies":[{"embeddable":true,"href":"https:\/\/www.conex.net\/fr\/wp-json\/wp\/v2\/comments?post=9321"}],"version-history":[{"count":59,"href":"https:\/\/www.conex.net\/fr\/wp-json\/wp\/v2\/pages\/9321\/revisions"}],"predecessor-version":[{"id":11045,"href":"https:\/\/www.conex.net\/fr\/wp-json\/wp\/v2\/pages\/9321\/revisions\/11045"}],"wp:attachment":[{"href":"https:\/\/www.conex.net\/fr\/wp-json\/wp\/v2\/media?parent=9321"}],"curies":[{"name":"wp","href":"https:\/\/api.w.org\/{rel}","templated":true}]}}